{"id":2944,"date":"2020-07-06T10:59:17","date_gmt":"2020-07-06T10:59:17","guid":{"rendered":"https:\/\/test.tabspain.com\/sobre-o-tab\/"},"modified":"2023-05-29T19:22:11","modified_gmt":"2023-05-29T19:22:11","slug":"sobre-o-tab","status":"publish","type":"page","link":"https:\/\/www.tabspain.com\/pt-pt\/sobre-o-tab\/","title":{"rendered":"Sobre o TAB"},"content":{"rendered":"<div class=\"wpb-content-wrapper\"><p>[vc_row css_animation=&#8221;&#8221; row_type=&#8221;row&#8221; use_row_as_full_screen_section=&#8221;no&#8221; type=&#8221;grid&#8221; angled_section=&#8221;no&#8221; text_align=&#8221;left&#8221; background_image_as_pattern=&#8221;without_pattern&#8221; z_index=&#8221;&#8221; css=&#8221;.vc_custom_1581924636989{padding-top: 40px !important;padding-bottom: 40px !important;background-color: #00508b !important;}&#8221;][vc_column width=&#8221;1\/6&#8243; css=&#8221;.vc_custom_1581972601424{margin: 0px !important;padding: 0px !important;border: 0px initial #191919 !important;}&#8221; el_class=&#8221;botones&#8221;]\n\n\t<a href=\"#tab-batteries\" target=\"_self\"  class=\"qode-btn qode-btn-medium qode-btn-solid qode-btn-default-hover\"  >\n\t    <span class=\"qode-btn-text\">TAB Batteries<\/span>\t<\/a>\n\n[\/vc_column][vc_column width=&#8221;1\/6&#8243; css=&#8221;.vc_custom_1581972632952{margin-top: 0px !important;margin-right: 0px !important;margin-bottom: 0px !important;margin-left: 0px !important;border-top-width: 0px !important;border-right-width: 0px !important;border-bottom-width: 0px !important;border-left-width: 0px !important;padding-top: 0px !important;padding-right: 0px !important;padding-bottom: 0px !important;padding-left: 0px !important;border-left-color: #020202 !important;border-right-color: #020202 !important;border-top-color: #020202 !important;border-bottom-color: #020202 !important;}&#8221; el_class=&#8221;botones&#8221;]\n\n\t<a href=\"#tab-batteries\" target=\"_self\"  class=\"qode-btn qode-btn-medium qode-btn-solid qode-btn-default-hover\"  >\n\t    <span class=\"qode-btn-text\">TAB Spain<\/span>\t<\/a>\n\n[\/vc_column][vc_column width=&#8221;1\/6&#8243; css=&#8221;.vc_custom_1581972623696{margin-top: 0px !important;margin-right: 0px !important;margin-bottom: 0px !important;margin-left: 0px !important;border-top-width: 0px !important;border-right-width: 0px !important;border-bottom-width: 0px !important;border-left-width: 0px !important;padding-top: 0px !important;padding-right: 0px !important;padding-bottom: 0px !important;padding-left: 0px !important;border-left-color: #000000 !important;border-right-color: #000000 !important;border-top-color: #000000 !important;border-bottom-color: #000000 !important;}&#8221; el_class=&#8221;botones&#8221;]\n\n\t<a href=\"#que-hacemos\" target=\"_self\"  class=\"qode-btn qode-btn-medium qode-btn-solid qode-btn-default-hover\"  >\n\t    <span class=\"qode-btn-text\">O que fazemos<\/span>\t<\/a>\n\n[\/vc_column][vc_column width=&#8221;1\/6&#8243; css=&#8221;.vc_custom_1582093777274{margin-top: 0px !important;margin-right: 0px !important;margin-bottom: 0px !important;margin-left: 0px !important;padding-top: 0px !important;padding-right: 0px !important;padding-bottom: 0px !important;padding-left: 0px !important;}&#8221; el_class=&#8221;botones&#8221;]\n\n\t<a href=\"#valores\" target=\"_self\"  class=\"qode-btn qode-btn-medium qode-btn-solid qode-btn-default-hover\"  >\n\t    <span class=\"qode-btn-text\">Valores<\/span>\t<\/a>\n\n[\/vc_column][vc_column width=&#8221;1\/6&#8243; css=&#8221;.vc_custom_1582093781919{margin-top: 0px !important;margin-right: 0px !important;margin-bottom: 0px !important;margin-left: 0px !important;padding-top: 0px !important;padding-right: 0px !important;padding-bottom: 0px !important;padding-left: 0px !important;}&#8221; el_class=&#8221;botones&#8221;]\n\n\t<a href=\"#clientes\" target=\"_self\"  class=\"qode-btn qode-btn-medium qode-btn-solid qode-btn-default-hover\"  >\n\t    <span class=\"qode-btn-text\">Clientes<\/span>\t<\/a>\n\n[\/vc_column][vc_column width=&#8221;1\/6&#8243; css=&#8221;.vc_custom_1582093786180{margin-top: 0px !important;margin-right: 0px !important;margin-bottom: 0px !important;margin-left: 0px !important;padding-top: 0px !important;padding-right: 0px !important;padding-bottom: 0px !important;padding-left: 0px !important;}&#8221; el_class=&#8221;botones&#8221;]\n\n\t<a href=\"#certificaciones\" target=\"_self\"  class=\"qode-btn qode-btn-medium qode-btn-solid qode-btn-default-hover\"  >\n\t    <span class=\"qode-btn-text\">Certifica\u00e7\u00f5es<\/span>\t<\/a>\n\n[\/vc_column][\/vc_row][vc_row css_animation=&#8221;&#8221; row_type=&#8221;row&#8221; use_row_as_full_screen_section=&#8221;no&#8221; type=&#8221;full_width&#8221; angled_section=&#8221;no&#8221; text_align=&#8221;left&#8221; background_image_as_pattern=&#8221;without_pattern&#8221; el_id=&#8221;tab-batteries&#8221; z_index=&#8221;&#8221; css=&#8221;.vc_custom_1582096940690{margin-top: 0px !important;margin-right: 0px !important;margin-bottom: 0px !important;margin-left: 0px !important;padding-top: 0px !important;padding-right: 0px !important;padding-bottom: 0px !important;padding-left: 0px !important;}&#8221;][vc_column css=&#8221;.vc_custom_1581960382940{margin: 0px !important;padding: 0px !important;border: 0px initial !important;}&#8221;][qode_elements_holder number_of_columns=&#8221;two_columns&#8221;][qode_elements_holder_item vertical_alignment=&#8221;middle&#8221; advanced_animations=&#8221;no&#8221; item_padding=&#8221;50px 20% 50px 20%&#8221;][vc_column_text]<\/p>\n<h4>TAB BATTERIES<\/h4>\n<p>[\/vc_column_text][vc_separator type=&#8221;small&#8221; position=&#8221;left&#8221; down=&#8221;15&#8243; up=&#8221;15&#8243;][vc_column_text]Somos uma empresa de fabrica\u00e7\u00e3o e comercializa\u00e7\u00e3o de baterias, fundada em 1965 em Me\u017eica (Eslov\u00e9nia), uma regi\u00e3o com mais de 350 anos de hist\u00f3ria em atividades relacionadas com o chumbo. A nossa marca \u00e9 reconhecida mundialmente no mercado das baterias e das energias renov\u00e1veis.[\/vc_column_text][\/qode_elements_holder_item][qode_elements_holder_item advanced_animations=&#8221;no&#8221;][\/qode_elements_holder_item][\/qode_elements_holder][\/vc_column][\/vc_row][vc_row css_animation=&#8221;&#8221; row_type=&#8221;row&#8221; use_row_as_full_screen_section=&#8221;no&#8221; type=&#8221;full_width&#8221; angled_section=&#8221;no&#8221; text_align=&#8221;left&#8221; background_image_as_pattern=&#8221;without_pattern&#8221; el_id=&#8221;tab-spain&#8221; z_index=&#8221;&#8221; css=&#8221;.vc_custom_1582096638533{margin-top: 0px !important;margin-right: 0px !important;margin-bottom: 0px !important;margin-left: 0px !important;padding-top: 0px !important;padding-right: 0px !important;padding-bottom: 0px !important;padding-left: 0px !important;background-color: #00508b !important;}&#8221;][vc_column css=&#8221;.vc_custom_1581960344967{margin: 0px !important;padding: 0px !important;border: 0px initial !important;}&#8221;][qode_elements_holder number_of_columns=&#8221;two_columns&#8221;][qode_elements_holder_item advanced_animations=&#8221;no&#8221; background_color=&#8221;#00508b&#8221;][\/qode_elements_holder_item][qode_elements_holder_item vertical_alignment=&#8221;middle&#8221; advanced_animations=&#8221;no&#8221; item_padding=&#8221;50px 20% 50px 20%&#8221;][vc_column_text]<\/p>\n<h4><span style=\"color: #b0b0b6;\">TAB SPAIN<\/span><\/h4>\n<p>[\/vc_column_text][vc_separator type=&#8221;small&#8221; position=&#8221;left&#8221; down=&#8221;15&#8243; up=&#8221;15&#8243; color=&#8221;#ffffff&#8221;][vc_column_text]<span style=\"color: #b0b0b6;\">Em 2005, arrancou o projeto TAB Spain, a delega\u00e7\u00e3o espanhola da TAB Batteries, onde atualmente operamos para Espanha, Portugal, Am\u00e9rica Latina e o Magrebe. Contamos com centros distribu\u00eddos por toda a Pen\u00ednsula Ib\u00e9rica, com alguns de \u00faltima gera\u00e7\u00e3o com o de Barcelona que \u00e9 atualmente o maior armaz\u00e9m de baterias de Espanha.<\/span>[\/vc_column_text][\/qode_elements_holder_item][\/qode_elements_holder][\/vc_column][\/vc_row][vc_row css_animation=&#8221;&#8221; row_type=&#8221;row&#8221; use_row_as_full_screen_section=&#8221;no&#8221; type=&#8221;full_width&#8221; angled_section=&#8221;no&#8221; text_align=&#8221;left&#8221; background_image_as_pattern=&#8221;without_pattern&#8221; el_id=&#8221;que-hacemos&#8221; z_index=&#8221;&#8221; css=&#8221;.vc_custom_1582096988762{margin-top: 0px !important;margin-right: 0px !important;margin-bottom: 0px !important;margin-left: 0px !important;padding-top: 0px !important;padding-right: 0px !important;padding-bottom: 0px !important;padding-left: 0px !important;background-color: #ffffff !important;}&#8221;][vc_column css=&#8221;.vc_custom_1581960382940{margin: 0px !important;padding: 0px !important;border: 0px initial !important;}&#8221;][qode_elements_holder number_of_columns=&#8221;two_columns&#8221;][qode_elements_holder_item vertical_alignment=&#8221;middle&#8221; advanced_animations=&#8221;no&#8221; item_padding=&#8221;50px 20% 50px 20%&#8221;][vc_column_text]<\/p>\n<h4>O QUE FAZEMOS<\/h4>\n<p>[\/vc_column_text][vc_separator type=&#8221;small&#8221; position=&#8221;left&#8221; down=&#8221;15&#8243; up=&#8221;15&#8243;][vc_column_text]Fabricamos baterias com os mais altos padr\u00f5es de qualidade e desenvolvimento para diferentes equipamentos como autom\u00f3veis, motas e quads, setor n\u00e1utico, ve\u00edculos industriais, tra\u00e7\u00e3o e solar. Al\u00e9m disso, propomos acess\u00f3rios para baterias como controladores digitais e anal\u00f3gicos, carregadores, equipamentos e complementos, volt\u00edmetros, cart\u00f5es mem\u00f3ria, cabos, terminais e pin\u00e7as.[\/vc_column_text][\/qode_elements_holder_item][qode_elements_holder_item advanced_animations=&#8221;no&#8221;][vc_single_image image=&#8221;3074&#8243; img_size=&#8221;large&#8221; qode_css_animation=&#8221;&#8221;][\/qode_elements_holder_item][\/qode_elements_holder][\/vc_column][\/vc_row][vc_row css_animation=&#8221;&#8221; row_type=&#8221;row&#8221; use_row_as_full_screen_section=&#8221;no&#8221; type=&#8221;full_width&#8221; angled_section=&#8221;no&#8221; text_align=&#8221;left&#8221; background_image_as_pattern=&#8221;without_pattern&#8221; el_id=&#8221;valores&#8221; z_index=&#8221;&#8221; css=&#8221;.vc_custom_1582225953389{margin-top: 0px !important;margin-right: 0px !important;margin-bottom: 0px !important;margin-left: 0px !important;padding-top: 0px !important;padding-right: 0px !important;padding-bottom: 0px !important;padding-left: 0px !important;background-color: #00508b !important;}&#8221;][vc_column css=&#8221;.vc_custom_1581960344967{margin: 0px !important;padding: 0px !important;border: 0px initial !important;}&#8221;][qode_elements_holder number_of_columns=&#8221;two_columns&#8221;][qode_elements_holder_item advanced_animations=&#8221;no&#8221; background_color=&#8221;#00508b&#8221;][vc_single_image image=&#8221;3010&#8243; img_size=&#8221;full&#8221; qode_css_animation=&#8221;&#8221;][\/qode_elements_holder_item][qode_elements_holder_item vertical_alignment=&#8221;middle&#8221; advanced_animations=&#8221;no&#8221; item_padding=&#8221;10px 20% 10px 20%&#8221;][vc_column_text]<\/p>\n<h4><span style=\"color: #b0b0b6;\">VALORES<\/span><\/h4>\n<p>[\/vc_column_text][vc_separator type=&#8221;small&#8221; position=&#8221;left&#8221; down=&#8221;15&#8243; up=&#8221;15&#8243; color=&#8221;#ffffff&#8221;][vc_column_text]<span style=\"color: #b0b0b6;\">Desde o primeiro dia, trabalhamos com o objetivo de fabricar produtos com a m\u00e1xima qualidade poss\u00edvel. Para isso, a nossa aten\u00e7\u00e3o centra-se nas inova\u00e7\u00f5es do setor e promovemos uma melhoria cont\u00ednua. Com um compromisso assumido com os nossos funcion\u00e1rios e o meio ambiente, o nosso modelo de neg\u00f3cios gera valor para a nossa empresa mas tamb\u00e9m para a sociedade. Estamos focados em atingir os nossos objetivos empresariais e no intuito de dar rentabilidade aos nossos acionistas, operamos em v\u00e1rios mercados superando as expectativas dos nossos clientes.<\/span>[\/vc_column_text][\/qode_elements_holder_item][\/qode_elements_holder][\/vc_column][\/vc_row][vc_row css_animation=&#8221;&#8221; row_type=&#8221;row&#8221; use_row_as_full_screen_section=&#8221;no&#8221; type=&#8221;grid&#8221; angled_section=&#8221;no&#8221; text_align=&#8221;left&#8221; background_image_as_pattern=&#8221;without_pattern&#8221; z_index=&#8221;&#8221; css=&#8221;.vc_custom_1585390200782{margin-top: 0px !important;margin-right: 0px !important;margin-bottom: 0px !important;margin-left: 0px !important;padding-top: 30px !important;padding-right: 0px !important;padding-bottom: 75px !important;padding-left: 0px !important;background-color: #ffffff !important;}&#8221; el_id=&#8221;clientes&#8221;][vc_column][vc_column_text]<\/p>\n<h4><span style=\"color: #000000;\">OS NOSSOS CLIENTES<\/span><\/h4>\n<p>[\/vc_column_text][vc_separator type=&#8221;small&#8221; position=&#8221;left&#8221; down=&#8221;15&#8243; up=&#8221;15&#8243;][vc_empty_space height=&#8221;50px&#8221;][vc_raw_html]JTVCc3Bfd3BjYXJvdXNlbCUyMGlkJTNEJTIyNDU1OCUyMiU1RA==[\/vc_raw_html][\/vc_column][\/vc_row][vc_row css_animation=&#8221;&#8221; row_type=&#8221;row&#8221; use_row_as_full_screen_section=&#8221;no&#8221; type=&#8221;grid&#8221; angled_section=&#8221;no&#8221; text_align=&#8221;left&#8221; background_image_as_pattern=&#8221;without_pattern&#8221; z_index=&#8221;&#8221; el_id=&#8221;certificaciones&#8221; css=&#8221;.vc_custom_1585390078092{padding-top: 70px !important;padding-bottom: 69px !important;background-color: #b0b0b6 !important;}&#8221;][vc_column][vc_column_text]<\/p>\n<h4><span style=\"color: #ffffff;\">CERTIFICA\u00c7\u00d5ES<\/span><\/h4>\n<p>[\/vc_column_text][vc_separator type=&#8221;small&#8221; position=&#8221;left&#8221; down=&#8221;15&#8243; up=&#8221;15&#8243; color=&#8221;#ffffff&#8221;][vc_row_inner row_type=&#8221;row&#8221; type=&#8221;full_width&#8221; text_align=&#8221;left&#8221; css_animation=&#8221;&#8221; css=&#8221;.vc_custom_1582226613553{padding-top: 20px !important;}&#8221;][vc_column_inner width=&#8221;1\/6&#8243;][\/vc_column_inner][vc_column_inner width=&#8221;1\/6&#8243;][vc_single_image image=&#8221;3070&#8243; img_size=&#8221;large&#8221; alignment=&#8221;center&#8221; onclick=&#8221;custom_link&#8221; img_link_target=&#8221;_blank&#8221; qode_css_animation=&#8221;&#8221; link=&#8221;\/wp-content\/uploads\/2020\/03\/certificado-iso-9001.pdf&#8221;][\/vc_column_inner][vc_column_inner width=&#8221;1\/6&#8243;][vc_single_image image=&#8221;3066&#8243; img_size=&#8221;large&#8221; alignment=&#8221;center&#8221; onclick=&#8221;custom_link&#8221; img_link_target=&#8221;_blank&#8221; qode_css_animation=&#8221;&#8221; link=&#8221;\/wp-content\/uploads\/2020\/03\/certificado-iso-14001.pdf&#8221;][\/vc_column_inner][vc_column_inner width=&#8221;1\/6&#8243;][vc_single_image image=&#8221;3042&#8243; img_size=&#8221;large&#8221; alignment=&#8221;center&#8221; onclick=&#8221;custom_link&#8221; img_link_target=&#8221;_blank&#8221; qode_css_animation=&#8221;&#8221; link=&#8221;\/wp-content\/uploads\/2020\/03\/certificado-iatf-16949.pdf&#8221;][\/vc_column_inner][vc_column_inner width=&#8221;1\/6&#8243;][vc_single_image image=&#8221;3062&#8243; img_size=&#8221;large&#8221; alignment=&#8221;center&#8221; onclick=&#8221;custom_link&#8221; img_link_target=&#8221;_blank&#8221; qode_css_animation=&#8221;&#8221; link=&#8221;\/wp-content\/uploads\/2020\/03\/certificado-en60896.pdf&#8221;][\/vc_column_inner][vc_column_inner width=&#8221;1\/6&#8243;][\/vc_column_inner][\/vc_row_inner][\/vc_column][\/vc_row]<\/p>\n<\/div>","protected":false},"excerpt":{"rendered":"<p>[vc_row css_animation=&#8221;&#8221; row_type=&#8221;row&#8221; use_row_as_full_screen_section=&#8221;no&#8221; type=&#8221;grid&#8221; angled_section=&#8221;no&#8221; text_align=&#8221;left&#8221; background_image_as_pattern=&#8221;without_pattern&#8221; z_index=&#8221;&#8221; css=&#8221;.vc_custom_1581924636989{padding-top: 40px !important;padding-bottom: 40px !important;background-color: #00508b !important;}&#8221;][vc_column width=&#8221;1\/6&#8243; css=&#8221;.vc_custom_1581972601424{margin: 0px !important;padding:&#8230;<\/p>\n","protected":false},"author":1,"featured_media":0,"parent":0,"menu_order":0,"comment_status":"closed","ping_status":"closed","template":"full_width.php","meta":{"_monsterinsights_skip_tracking":false,"_monsterinsights_sitenote_active":false,"_monsterinsights_sitenote_note":"","_monsterinsights_sitenote_category":0,"footnotes":""},"class_list":["post-2944","page","type-page","status-publish","hentry"],"yoast_head":"<!-- This site is optimized with the Yoast SEO plugin v27.0 - https:\/\/yoast.com\/product\/yoast-seo-wordpress\/ -->\n<title>Sobre o TAB - TAB Batteries<\/title>\n<meta name=\"robots\" content=\"index, follow, max-snippet:-1, max-image-preview:large, max-video-preview:-1\" \/>\n<link rel=\"canonical\" href=\"https:\/\/www.tabspain.com\/pt-pt\/sobre-o-tab\/\" \/>\n<meta property=\"og:locale\" content=\"pt_PT\" \/>\n<meta property=\"og:type\" content=\"article\" \/>\n<meta property=\"og:title\" content=\"Sobre o TAB - TAB Batteries\" \/>\n<meta property=\"og:description\" content=\"[vc_row css_animation=&#8221;&#8221; row_type=&#8221;row&#8221; use_row_as_full_screen_section=&#8221;no&#8221; type=&#8221;grid&#8221; angled_section=&#8221;no&#8221; text_align=&#8221;left&#8221; background_image_as_pattern=&#8221;without_pattern&#8221; z_index=&#8221;&#8221; css=&#8221;.vc_custom_1581924636989{padding-top: 40px !important;padding-bottom: 40px !important;background-color: #00508b !important;}&#8221;][vc_column width=&#8221;1\/6&#8243; css=&#8221;.vc_custom_1581972601424{margin: 0px !important;padding:...\" \/>\n<meta property=\"og:url\" content=\"https:\/\/www.tabspain.com\/pt-pt\/sobre-o-tab\/\" \/>\n<meta property=\"og:site_name\" content=\"TAB Batteries\" \/>\n<meta property=\"article:publisher\" content=\"https:\/\/www.facebook.com\/TabSpain\/\" \/>\n<meta property=\"article:modified_time\" content=\"2023-05-29T19:22:11+00:00\" \/>\n<meta name=\"twitter:card\" content=\"summary_large_image\" \/>\n<meta name=\"twitter:site\" content=\"@TABspain\" \/>\n<meta name=\"twitter:label1\" content=\"Tempo estimado de leitura\" \/>\n\t<meta name=\"twitter:data1\" content=\"4 minutos\" \/>\n<script type=\"application\/ld+json\" class=\"yoast-schema-graph\">{\"@context\":\"https:\/\/schema.org\",\"@graph\":[{\"@type\":\"WebPage\",\"@id\":\"https:\/\/www.tabspain.com\/pt-pt\/sobre-o-tab\/\",\"url\":\"https:\/\/www.tabspain.com\/pt-pt\/sobre-o-tab\/\",\"name\":\"Sobre o TAB - TAB Batteries\",\"isPartOf\":{\"@id\":\"https:\/\/www.tabspain.com\/pt-pt\/#website\"},\"datePublished\":\"2020-07-06T10:59:17+00:00\",\"dateModified\":\"2023-05-29T19:22:11+00:00\",\"breadcrumb\":{\"@id\":\"https:\/\/www.tabspain.com\/pt-pt\/sobre-o-tab\/#breadcrumb\"},\"inLanguage\":\"pt-PT\",\"potentialAction\":[{\"@type\":\"ReadAction\",\"target\":[\"https:\/\/www.tabspain.com\/pt-pt\/sobre-o-tab\/\"]}]},{\"@type\":\"BreadcrumbList\",\"@id\":\"https:\/\/www.tabspain.com\/pt-pt\/sobre-o-tab\/#breadcrumb\",\"itemListElement\":[{\"@type\":\"ListItem\",\"position\":1,\"name\":\"Portada\",\"item\":\"https:\/\/www.tabspain.com\/pt-pt\/\"},{\"@type\":\"ListItem\",\"position\":2,\"name\":\"Sobre o TAB\"}]},{\"@type\":\"WebSite\",\"@id\":\"https:\/\/www.tabspain.com\/pt-pt\/#website\",\"url\":\"https:\/\/www.tabspain.com\/pt-pt\/\",\"name\":\"TAB Batteries\",\"description\":\"Fabricante de bater\u00edas\",\"publisher\":{\"@id\":\"https:\/\/www.tabspain.com\/pt-pt\/#organization\"},\"potentialAction\":[{\"@type\":\"SearchAction\",\"target\":{\"@type\":\"EntryPoint\",\"urlTemplate\":\"https:\/\/www.tabspain.com\/pt-pt\/?s={search_term_string}\"},\"query-input\":{\"@type\":\"PropertyValueSpecification\",\"valueRequired\":true,\"valueName\":\"search_term_string\"}}],\"inLanguage\":\"pt-PT\"},{\"@type\":\"Organization\",\"@id\":\"https:\/\/www.tabspain.com\/pt-pt\/#organization\",\"name\":\"TAB Batteries\",\"url\":\"https:\/\/www.tabspain.com\/pt-pt\/\",\"logo\":{\"@type\":\"ImageObject\",\"inLanguage\":\"pt-PT\",\"@id\":\"https:\/\/www.tabspain.com\/pt-pt\/#\/schema\/logo\/image\/\",\"url\":\"https:\/\/www.tabspain.com\/wp-content\/uploads\/2020\/01\/logo-tab.png\",\"contentUrl\":\"https:\/\/www.tabspain.com\/wp-content\/uploads\/2020\/01\/logo-tab.png\",\"width\":600,\"height\":250,\"caption\":\"TAB Batteries\"},\"image\":{\"@id\":\"https:\/\/www.tabspain.com\/pt-pt\/#\/schema\/logo\/image\/\"},\"sameAs\":[\"https:\/\/www.facebook.com\/TabSpain\/\",\"https:\/\/x.com\/TABspain\",\"https:\/\/www.linkedin.com\/company\/tab-spain\/\",\"https:\/\/www.youtube.com\/channel\/UC0xlSgPc61fxLM_rHDBJAhQ\",\"https:\/\/es.wikipedia.org\/wiki\/TAB_Batteries\"]}]}<\/script>\n<!-- \/ Yoast SEO plugin. -->","yoast_head_json":{"title":"Sobre o TAB - TAB Batteries","robots":{"index":"index","follow":"follow","max-snippet":"max-snippet:-1","max-image-preview":"max-image-preview:large","max-video-preview":"max-video-preview:-1"},"canonical":"https:\/\/www.tabspain.com\/pt-pt\/sobre-o-tab\/","og_locale":"pt_PT","og_type":"article","og_title":"Sobre o TAB - TAB Batteries","og_description":"[vc_row css_animation=&#8221;&#8221; row_type=&#8221;row&#8221; use_row_as_full_screen_section=&#8221;no&#8221; type=&#8221;grid&#8221; angled_section=&#8221;no&#8221; text_align=&#8221;left&#8221; background_image_as_pattern=&#8221;without_pattern&#8221; z_index=&#8221;&#8221; css=&#8221;.vc_custom_1581924636989{padding-top: 40px !important;padding-bottom: 40px !important;background-color: #00508b !important;}&#8221;][vc_column width=&#8221;1\/6&#8243; css=&#8221;.vc_custom_1581972601424{margin: 0px !important;padding:...","og_url":"https:\/\/www.tabspain.com\/pt-pt\/sobre-o-tab\/","og_site_name":"TAB Batteries","article_publisher":"https:\/\/www.facebook.com\/TabSpain\/","article_modified_time":"2023-05-29T19:22:11+00:00","twitter_card":"summary_large_image","twitter_site":"@TABspain","twitter_misc":{"Tempo estimado de leitura":"4 minutos"},"schema":{"@context":"https:\/\/schema.org","@graph":[{"@type":"WebPage","@id":"https:\/\/www.tabspain.com\/pt-pt\/sobre-o-tab\/","url":"https:\/\/www.tabspain.com\/pt-pt\/sobre-o-tab\/","name":"Sobre o TAB - TAB Batteries","isPartOf":{"@id":"https:\/\/www.tabspain.com\/pt-pt\/#website"},"datePublished":"2020-07-06T10:59:17+00:00","dateModified":"2023-05-29T19:22:11+00:00","breadcrumb":{"@id":"https:\/\/www.tabspain.com\/pt-pt\/sobre-o-tab\/#breadcrumb"},"inLanguage":"pt-PT","potentialAction":[{"@type":"ReadAction","target":["https:\/\/www.tabspain.com\/pt-pt\/sobre-o-tab\/"]}]},{"@type":"BreadcrumbList","@id":"https:\/\/www.tabspain.com\/pt-pt\/sobre-o-tab\/#breadcrumb","itemListElement":[{"@type":"ListItem","position":1,"name":"Portada","item":"https:\/\/www.tabspain.com\/pt-pt\/"},{"@type":"ListItem","position":2,"name":"Sobre o TAB"}]},{"@type":"WebSite","@id":"https:\/\/www.tabspain.com\/pt-pt\/#website","url":"https:\/\/www.tabspain.com\/pt-pt\/","name":"TAB Batteries","description":"Fabricante de bater\u00edas","publisher":{"@id":"https:\/\/www.tabspain.com\/pt-pt\/#organization"},"potentialAction":[{"@type":"SearchAction","target":{"@type":"EntryPoint","urlTemplate":"https:\/\/www.tabspain.com\/pt-pt\/?s={search_term_string}"},"query-input":{"@type":"PropertyValueSpecification","valueRequired":true,"valueName":"search_term_string"}}],"inLanguage":"pt-PT"},{"@type":"Organization","@id":"https:\/\/www.tabspain.com\/pt-pt\/#organization","name":"TAB Batteries","url":"https:\/\/www.tabspain.com\/pt-pt\/","logo":{"@type":"ImageObject","inLanguage":"pt-PT","@id":"https:\/\/www.tabspain.com\/pt-pt\/#\/schema\/logo\/image\/","url":"https:\/\/www.tabspain.com\/wp-content\/uploads\/2020\/01\/logo-tab.png","contentUrl":"https:\/\/www.tabspain.com\/wp-content\/uploads\/2020\/01\/logo-tab.png","width":600,"height":250,"caption":"TAB Batteries"},"image":{"@id":"https:\/\/www.tabspain.com\/pt-pt\/#\/schema\/logo\/image\/"},"sameAs":["https:\/\/www.facebook.com\/TabSpain\/","https:\/\/x.com\/TABspain","https:\/\/www.linkedin.com\/company\/tab-spain\/","https:\/\/www.youtube.com\/channel\/UC0xlSgPc61fxLM_rHDBJAhQ","https:\/\/es.wikipedia.org\/wiki\/TAB_Batteries"]}]}},"_links":{"self":[{"href":"https:\/\/www.tabspain.com\/pt-pt\/wp-json\/wp\/v2\/pages\/2944","targetHints":{"allow":["GET"]}}],"collection":[{"href":"https:\/\/www.tabspain.com\/pt-pt\/wp-json\/wp\/v2\/pages"}],"about":[{"href":"https:\/\/www.tabspain.com\/pt-pt\/wp-json\/wp\/v2\/types\/page"}],"author":[{"embeddable":true,"href":"https:\/\/www.tabspain.com\/pt-pt\/wp-json\/wp\/v2\/users\/1"}],"replies":[{"embeddable":true,"href":"https:\/\/www.tabspain.com\/pt-pt\/wp-json\/wp\/v2\/comments?post=2944"}],"version-history":[{"count":0,"href":"https:\/\/www.tabspain.com\/pt-pt\/wp-json\/wp\/v2\/pages\/2944\/revisions"}],"wp:attachment":[{"href":"https:\/\/www.tabspain.com\/pt-pt\/wp-json\/wp\/v2\/media?parent=2944"}],"curies":[{"name":"wp","href":"https:\/\/api.w.org\/{rel}","templated":true}]}}