{"id":3104,"date":"2020-07-06T11:09:00","date_gmt":"2020-07-06T11:09:00","guid":{"rendered":"https:\/\/test.tabspain.com\/lista-de-contatos\/"},"modified":"2022-12-16T08:19:00","modified_gmt":"2022-12-16T08:19:00","slug":"lista-de-contatos","status":"publish","type":"page","link":"https:\/\/www.tabspain.com\/pt-pt\/lista-de-contatos\/","title":{"rendered":"Lista de contatos"},"content":{"rendered":"<div class=\"wpb-content-wrapper\"><p>[vc_row css_animation=&#8221;&#8221; row_type=&#8221;row&#8221; use_row_as_full_screen_section=&#8221;no&#8221; type=&#8221;full_width&#8221; angled_section=&#8221;no&#8221; text_align=&#8221;left&#8221; background_image_as_pattern=&#8221;without_pattern&#8221;][vc_column width=&#8221;1\/4&#8243; css=&#8221;.vc_custom_1581796004137{margin: 0px !important;padding: 0px !important;border: 0px initial !important;}&#8221;][\/vc_column][vc_column css_animation=&#8221;fadeInDown&#8221; width=&#8221;1\/2&#8243; css=&#8221;.vc_custom_1581796120459{border-bottom-width: 1px !important;padding-bottom: 20px !important;border-bottom-color: #b0b0b6 !important;border-bottom-style: solid !important;}&#8221;][vc_column_text]<\/p>\n<h6 style=\"text-align: center;\">Dire\u00e7\u00e3o Geral<\/h6>\n<p style=\"text-align: center;\">Sr. Joan Alcaraz<\/p>\n<p>[\/vc_column_text]<span data-type=\"normal\" data-hover-icon-color=\"#818187\" class=\"qode_icon_shortcode  q_font_awsome_icon fa-lg pull-center \" style=\" \"><a class=\"anchor\" itemprop=\"url\" href=\"mailto:alcaraz@tabspain.com\" target=\"_self\"><i class=\"qode_icon_font_awesome fa fa-envelope qode_icon_element\" style=\"color: #00508b;\" ><\/i><\/a><\/span>[\/vc_column][vc_column width=&#8221;1\/4&#8243; css=&#8221;.vc_custom_1581795994921{margin: 0px !important;padding: 0px !important;border: 0px initial !important;}&#8221;][\/vc_column][\/vc_row][vc_row css_animation=&#8221;&#8221; row_type=&#8221;row&#8221; use_row_as_full_screen_section=&#8221;no&#8221; type=&#8221;full_width&#8221; angled_section=&#8221;no&#8221; text_align=&#8221;left&#8221; background_image_as_pattern=&#8221;without_pattern&#8221;][vc_column width=&#8221;1\/4&#8243; css=&#8221;.vc_custom_1581796004137{margin: 0px !important;padding: 0px !important;border: 0px initial !important;}&#8221;][\/vc_column][vc_column css_animation=&#8221;fadeInDown&#8221; width=&#8221;1\/2&#8243; css=&#8221;.vc_custom_1581796120459{border-bottom-width: 1px !important;padding-bottom: 20px !important;border-bottom-color: #b0b0b6 !important;border-bottom-style: solid !important;}&#8221;][vc_column_text]<\/p>\n<h6 style=\"text-align: center;\">Gest\u00e3o executiva<\/h6>\n<p style=\"text-align: center;\">Sr. Miguel P\u00e9rez<\/p>\n<p>[\/vc_column_text]<span data-type=\"normal\" data-hover-icon-color=\"#818187\" class=\"qode_icon_shortcode  q_font_awsome_icon fa-lg pull-center \" style=\" \"><a class=\"anchor\" itemprop=\"url\" href=\"mailto:mperez@tabspain.com\" target=\"_self\"><i class=\"qode_icon_font_awesome fa fa-envelope qode_icon_element\" style=\"color: #00508b;\" ><\/i><\/a><\/span>[\/vc_column][vc_column width=&#8221;1\/4&#8243; css=&#8221;.vc_custom_1581795994921{margin: 0px !important;padding: 0px !important;border: 0px initial !important;}&#8221;][\/vc_column][\/vc_row][vc_row css_animation=&#8221;&#8221; row_type=&#8221;row&#8221; use_row_as_full_screen_section=&#8221;no&#8221; type=&#8221;full_width&#8221; angled_section=&#8221;no&#8221; text_align=&#8221;left&#8221; background_image_as_pattern=&#8221;without_pattern&#8221;][vc_column parallax=&#8221;content-moving-fade&#8221; css_animation=&#8221;fadeInDown&#8221; width=&#8221;1\/2&#8243; css=&#8221;.vc_custom_1581796528758{margin-right: 10px !important;border-bottom-width: 1px !important;padding-bottom: 20px !important;border-bottom-color: #b0b0b6 !important;border-bottom-style: solid !important;}&#8221;][vc_column_text]<\/p>\n<h6 style=\"text-align: center;\">Dire\u00e7\u00e3o Comercial de Arranque<\/h6>\n<p style=\"text-align: center;\">Sr. Ra\u00fal Pacho<\/p>\n<p>[\/vc_column_text]<span data-type=\"normal\" data-hover-icon-color=\"#818187\" class=\"qode_icon_shortcode  q_font_awsome_icon fa-lg pull-center \" style=\" \"><a class=\"anchor\" itemprop=\"url\" href=\"mailto:rpacho@tabspain.com\" target=\"_self\"><i class=\"qode_icon_font_awesome fa fa-envelope qode_icon_element\" style=\"color: #00508b;\" ><\/i><\/a><\/span>[\/vc_column][vc_column parallax=&#8221;content-moving-fade&#8221; css_animation=&#8221;fadeInDown&#8221; width=&#8221;1\/2&#8243; css=&#8221;.vc_custom_1581796535788{margin-left: 10px !important;border-bottom-width: 1px !important;padding-bottom: 20px !important;border-bottom-color: #b0b0b6 !important;border-bottom-style: solid !important;}&#8221;][vc_column_text]<\/p>\n<h6 style=\"text-align: center;\">Dire\u00e7\u00e3o Comercial de T<span class=\"HwtZe\" lang=\"pt\"><span class=\"jCAhz ChMk0b\"><span class=\"ryNqvb\">ra\u00e7\u00e3o<\/span><\/span><\/span><\/h6>\n<p style=\"text-align: center;\">Sr. Jorge Acebal<\/p>\n<p>[\/vc_column_text]<span data-type=\"normal\" data-hover-icon-color=\"#818187\" class=\"qode_icon_shortcode  q_font_awsome_icon fa-lg pull-center \" style=\" \"><a class=\"anchor\" itemprop=\"url\" href=\"mailto:rjacebal@tabspain.com\" target=\"_self\"><i class=\"qode_icon_font_awesome fa fa-envelope qode_icon_element\" style=\"color: #00508b;\" ><\/i><\/a><\/span>[\/vc_column][\/vc_row][vc_row css_animation=&#8221;&#8221; row_type=&#8221;row&#8221; use_row_as_full_screen_section=&#8221;no&#8221; type=&#8221;full_width&#8221; angled_section=&#8221;no&#8221; text_align=&#8221;left&#8221; background_image_as_pattern=&#8221;without_pattern&#8221;][vc_column parallax=&#8221;content-moving-fade&#8221; css_animation=&#8221;fadeInDown&#8221; width=&#8221;1\/2&#8243; css=&#8221;.vc_custom_1581796528758{margin-right: 10px !important;border-bottom-width: 1px !important;padding-bottom: 20px !important;border-bottom-color: #b0b0b6 !important;border-bottom-style: solid !important;}&#8221;][vc_column_text]<\/p>\n<h6 style=\"text-align: center;\">Dire\u00e7\u00e3o Comercial de Estacion\u00e1rio \/ Semitra\u00e7\u00e3o<\/h6>\n<p style=\"text-align: center;\">Sr. Nicol\u00e1s Velasco<\/p>\n<p>[\/vc_column_text]<span data-type=\"normal\" data-hover-icon-color=\"#818187\" class=\"qode_icon_shortcode  q_font_awsome_icon fa-lg pull-center \" style=\" \"><a class=\"anchor\" itemprop=\"url\" href=\"mailto:nvelasco@tabspain.com\" target=\"_self\"><i class=\"qode_icon_font_awesome fa fa-envelope qode_icon_element\" style=\"color: #00508b;\" ><\/i><\/a><\/span>[\/vc_column][vc_column parallax=&#8221;content-moving-fade&#8221; css_animation=&#8221;fadeInDown&#8221; width=&#8221;1\/2&#8243; css=&#8221;.vc_custom_1581796535788{margin-left: 10px !important;border-bottom-width: 1px !important;padding-bottom: 20px !important;border-bottom-color: #b0b0b6 !important;border-bottom-style: solid !important;}&#8221;][vc_column_text]<\/p>\n<h6 style=\"text-align: center;\">Dire\u00e7\u00e3o Comercial LATAM<\/h6>\n<p style=\"text-align: center;\">Sr. Ferr\u00e1n Navarro<\/p>\n<p>[\/vc_column_text]<span data-type=\"normal\" data-hover-icon-color=\"#818187\" class=\"qode_icon_shortcode  q_font_awsome_icon fa-lg pull-center \" style=\" \"><a class=\"anchor\" itemprop=\"url\" href=\"mailto:fnavarro@tabspain.com\" target=\"_self\"><i class=\"qode_icon_font_awesome fa fa-envelope qode_icon_element\" style=\"color: #00508b;\" ><\/i><\/a><\/span>[\/vc_column][\/vc_row][vc_row css_animation=&#8221;&#8221; row_type=&#8221;row&#8221; use_row_as_full_screen_section=&#8221;no&#8221; type=&#8221;full_width&#8221; angled_section=&#8221;no&#8221; text_align=&#8221;left&#8221; background_image_as_pattern=&#8221;without_pattern&#8221;][vc_column parallax=&#8221;content-moving-fade&#8221; css_animation=&#8221;fadeInDown&#8221; width=&#8221;1\/2&#8243; css=&#8221;.vc_custom_1581796732183{margin-right: 10px !important;border-bottom-width: 1px !important;padding-bottom: 20px !important;border-bottom-color: #b0b0b6 !important;border-bottom-style: solid !important;}&#8221;][vc_column_text]<\/p>\n<h6 style=\"text-align: center;\">Dire\u00e7\u00e3o Administrativo-Financeiro<\/h6>\n<p style=\"text-align: center;\">Sr. Antonio Asensio<\/p>\n<p>[\/vc_column_text]<span data-type=\"normal\" data-hover-icon-color=\"#818187\" class=\"qode_icon_shortcode  q_font_awsome_icon fa-lg pull-center \" style=\" \"><a class=\"anchor\" itemprop=\"url\" href=\"mailto:aasensio@tabspain.com\" target=\"_self\"><i class=\"qode_icon_font_awesome fa fa-envelope qode_icon_element\" style=\"color: #00508b;\" ><\/i><\/a><\/span>[\/vc_column][vc_column parallax=&#8221;content-moving-fade&#8221; css_animation=&#8221;fadeInDown&#8221; width=&#8221;1\/2&#8243; css=&#8221;.vc_custom_1581796739506{margin-left: 10px !important;border-bottom-width: 1px !important;padding-bottom: 20px !important;border-bottom-color: #b0b0b6 !important;border-bottom-style: solid !important;}&#8221;][vc_column_text]<\/p>\n<h6 style=\"text-align: center;\">Dire\u00e7\u00e3o de Marketing \/ Dire\u00e7\u00e3o de Compras<\/h6>\n<p style=\"text-align: center;\">Sra. Alexandra Gallardo<\/p>\n<p>[\/vc_column_text]<span data-type=\"normal\" data-hover-icon-color=\"#818187\" class=\"qode_icon_shortcode  q_font_awsome_icon fa-lg pull-center \" style=\" \"><a class=\"anchor\" itemprop=\"url\" href=\"mailto:purchasing@tabspain.com\" target=\"_self\"><i class=\"qode_icon_font_awesome fa fa-envelope qode_icon_element\" style=\"color: #00508b;\" ><\/i><\/a><\/span>[\/vc_column][\/vc_row][vc_row css_animation=&#8221;&#8221; row_type=&#8221;row&#8221; use_row_as_full_screen_section=&#8221;no&#8221; type=&#8221;full_width&#8221; angled_section=&#8221;no&#8221; text_align=&#8221;left&#8221; background_image_as_pattern=&#8221;without_pattern&#8221;][vc_column parallax=&#8221;content-moving-fade&#8221; css_animation=&#8221;fadeInDown&#8221; width=&#8221;1\/2&#8243; css=&#8221;.vc_custom_1581796732183{margin-right: 10px !important;border-bottom-width: 1px !important;padding-bottom: 20px !important;border-bottom-color: #b0b0b6 !important;border-bottom-style: solid !important;}&#8221;][vc_column_text]<\/p>\n<h6 style=\"text-align: center;\">Dire\u00e7\u00e3oe das Opera\u00e7\u00f5es<\/h6>\n<p style=\"text-align: center;\">Sra. Elsa Gonz\u00e1lez<\/p>\n<p>[\/vc_column_text]<span data-type=\"normal\" data-hover-icon-color=\"#818187\" class=\"qode_icon_shortcode  q_font_awsome_icon fa-lg pull-center \" style=\" \"><a class=\"anchor\" itemprop=\"url\" href=\"mailto:export@tabspain.com\" target=\"_self\"><i class=\"qode_icon_font_awesome fa fa-envelope qode_icon_element\" style=\"color: #00508b;\" ><\/i><\/a><\/span>[\/vc_column][vc_column parallax=&#8221;content-moving-fade&#8221; css_animation=&#8221;fadeInDown&#8221; width=&#8221;1\/2&#8243; css=&#8221;.vc_custom_1581796739506{margin-left: 10px !important;border-bottom-width: 1px !important;padding-bottom: 20px !important;border-bottom-color: #b0b0b6 !important;border-bottom-style: solid !important;}&#8221;][vc_column_text]<\/p>\n<h6 style=\"text-align: center;\">Dire\u00e7\u00e3o t\u00e9cnica<\/h6>\n<p style=\"text-align: center;\">Sr. Francisco Mar\u00edn<\/p>\n<p>[\/vc_column_text]<span data-type=\"normal\" data-hover-icon-color=\"#818187\" class=\"qode_icon_shortcode  q_font_awsome_icon fa-lg pull-center \" style=\" \"><a class=\"anchor\" itemprop=\"url\" href=\"mailto:fmarin@tabspain.com\" target=\"_self\"><i class=\"qode_icon_font_awesome fa fa-envelope qode_icon_element\" style=\"color: #00508b;\" ><\/i><\/a><\/span>[\/vc_column][\/vc_row][vc_row css_animation=&#8221;&#8221; row_type=&#8221;row&#8221; use_row_as_full_screen_section=&#8221;no&#8221; type=&#8221;full_width&#8221; angled_section=&#8221;no&#8221; text_align=&#8221;left&#8221; background_image_as_pattern=&#8221;without_pattern&#8221;][vc_column width=&#8221;1\/4&#8243;][\/vc_column][vc_column parallax=&#8221;content-moving-fade&#8221; css_animation=&#8221;fadeInDown&#8221; width=&#8221;1\/2&#8243; css=&#8221;.vc_custom_1581796748475{margin-right: 10px !important;border-bottom-width: 1px !important;padding-bottom: 20px !important;border-bottom-color: #b0b0b6 !important;border-bottom-style: solid !important;}&#8221;][vc_column_text]<\/p>\n<h6 style=\"text-align: center;\">Departamento de Comunica\u00e7\u00e3o<\/h6>\n<p style=\"text-align: center;\">Sr. Alejandro Galindo<\/p>\n<p>[\/vc_column_text]<span data-type=\"normal\" data-hover-icon-color=\"#818187\" class=\"qode_icon_shortcode  q_font_awsome_icon fa-lg pull-center \" style=\" \"><a class=\"anchor\" itemprop=\"url\" href=\"mailto:comunicacion@tabspain.com\" target=\"_self\"><i class=\"qode_icon_font_awesome fa fa-envelope qode_icon_element\" style=\"color: #00508b;\" ><\/i><\/a><\/span>[\/vc_column][vc_column width=&#8221;1\/4&#8243;][\/vc_column][\/vc_row][vc_row css_animation=&#8221;&#8221; row_type=&#8221;row&#8221; use_row_as_full_screen_section=&#8221;no&#8221; type=&#8221;full_width&#8221; angled_section=&#8221;no&#8221; text_align=&#8221;left&#8221; background_image_as_pattern=&#8221;without_pattern&#8221;][vc_column][vc_empty_space height=&#8221;50px&#8221;][\/vc_column][\/vc_row]<\/p>\n<\/div>","protected":false},"excerpt":{"rendered":"<p>[vc_row css_animation=&#8221;&#8221; row_type=&#8221;row&#8221; use_row_as_full_screen_section=&#8221;no&#8221; type=&#8221;full_width&#8221; angled_section=&#8221;no&#8221; text_align=&#8221;left&#8221; background_image_as_pattern=&#8221;without_pattern&#8221;][vc_column width=&#8221;1\/4&#8243; css=&#8221;.vc_custom_1581796004137{margin: 0px !important;padding: 0px !important;border: 0px initial !important;}&#8221;][\/vc_column][vc_column css_animation=&#8221;fadeInDown&#8221; width=&#8221;1\/2&#8243; css=&#8221;.vc_custom_1581796120459{border-bottom-width:&#8230;<\/p>\n","protected":false},"author":1,"featured_media":0,"parent":0,"menu_order":0,"comment_status":"closed","ping_status":"closed","template":"","meta":{"_monsterinsights_skip_tracking":false,"_monsterinsights_sitenote_active":false,"_monsterinsights_sitenote_note":"","_monsterinsights_sitenote_category":0,"footnotes":""},"class_list":["post-3104","page","type-page","status-publish","hentry"],"yoast_head":"<!-- This site is optimized with the Yoast SEO plugin v27.5 - https:\/\/yoast.com\/product\/yoast-seo-wordpress\/ -->\n<title>Lista de contatos - TAB Batteries<\/title>\n<meta name=\"robots\" content=\"noindex, follow\" \/>\n<meta property=\"og:locale\" content=\"pt_PT\" \/>\n<meta property=\"og:type\" content=\"article\" \/>\n<meta property=\"og:title\" content=\"Lista de contatos - TAB Batteries\" \/>\n<meta property=\"og:description\" content=\"[vc_row css_animation=&#8221;&#8221; row_type=&#8221;row&#8221; use_row_as_full_screen_section=&#8221;no&#8221; type=&#8221;full_width&#8221; angled_section=&#8221;no&#8221; text_align=&#8221;left&#8221; background_image_as_pattern=&#8221;without_pattern&#8221;][vc_column width=&#8221;1\/4&#8243; css=&#8221;.vc_custom_1581796004137{margin: 0px !important;padding: 0px !important;border: 0px initial !important;}&#8221;][\/vc_column][vc_column css_animation=&#8221;fadeInDown&#8221; width=&#8221;1\/2&#8243; css=&#8221;.vc_custom_1581796120459{border-bottom-width:...\" \/>\n<meta property=\"og:url\" content=\"https:\/\/www.tabspain.com\/pt-pt\/lista-de-contatos\/\" \/>\n<meta property=\"og:site_name\" content=\"TAB Batteries\" \/>\n<meta property=\"article:publisher\" content=\"https:\/\/www.facebook.com\/TabSpain\/\" \/>\n<meta property=\"article:modified_time\" content=\"2022-12-16T08:19:00+00:00\" \/>\n<meta name=\"twitter:card\" content=\"summary_large_image\" \/>\n<meta name=\"twitter:site\" content=\"@TABspain\" \/>\n<meta name=\"twitter:label1\" content=\"Tempo estimado de leitura\" \/>\n\t<meta name=\"twitter:data1\" content=\"2 minutos\" \/>\n<script type=\"application\/ld+json\" class=\"yoast-schema-graph\">{\"@context\":\"https:\\\/\\\/schema.org\",\"@graph\":[{\"@type\":\"WebPage\",\"@id\":\"https:\\\/\\\/www.tabspain.com\\\/pt-pt\\\/lista-de-contatos\\\/\",\"url\":\"https:\\\/\\\/www.tabspain.com\\\/pt-pt\\\/lista-de-contatos\\\/\",\"name\":\"Lista de contatos - TAB Batteries\",\"isPartOf\":{\"@id\":\"https:\\\/\\\/www.tabspain.com\\\/pt-pt\\\/#website\"},\"datePublished\":\"2020-07-06T11:09:00+00:00\",\"dateModified\":\"2022-12-16T08:19:00+00:00\",\"breadcrumb\":{\"@id\":\"https:\\\/\\\/www.tabspain.com\\\/pt-pt\\\/lista-de-contatos\\\/#breadcrumb\"},\"inLanguage\":\"pt-PT\",\"potentialAction\":[{\"@type\":\"ReadAction\",\"target\":[\"https:\\\/\\\/www.tabspain.com\\\/pt-pt\\\/lista-de-contatos\\\/\"]}]},{\"@type\":\"BreadcrumbList\",\"@id\":\"https:\\\/\\\/www.tabspain.com\\\/pt-pt\\\/lista-de-contatos\\\/#breadcrumb\",\"itemListElement\":[{\"@type\":\"ListItem\",\"position\":1,\"name\":\"Portada\",\"item\":\"https:\\\/\\\/www.tabspain.com\\\/pt-pt\\\/\"},{\"@type\":\"ListItem\",\"position\":2,\"name\":\"Lista de contatos\"}]},{\"@type\":\"WebSite\",\"@id\":\"https:\\\/\\\/www.tabspain.com\\\/pt-pt\\\/#website\",\"url\":\"https:\\\/\\\/www.tabspain.com\\\/pt-pt\\\/\",\"name\":\"TAB Batteries\",\"description\":\"Fabricante de bater\u00edas\",\"publisher\":{\"@id\":\"https:\\\/\\\/www.tabspain.com\\\/pt-pt\\\/#organization\"},\"potentialAction\":[{\"@type\":\"SearchAction\",\"target\":{\"@type\":\"EntryPoint\",\"urlTemplate\":\"https:\\\/\\\/www.tabspain.com\\\/pt-pt\\\/?s={search_term_string}\"},\"query-input\":{\"@type\":\"PropertyValueSpecification\",\"valueRequired\":true,\"valueName\":\"search_term_string\"}}],\"inLanguage\":\"pt-PT\"},{\"@type\":\"Organization\",\"@id\":\"https:\\\/\\\/www.tabspain.com\\\/pt-pt\\\/#organization\",\"name\":\"TAB Batteries\",\"url\":\"https:\\\/\\\/www.tabspain.com\\\/pt-pt\\\/\",\"logo\":{\"@type\":\"ImageObject\",\"inLanguage\":\"pt-PT\",\"@id\":\"https:\\\/\\\/www.tabspain.com\\\/pt-pt\\\/#\\\/schema\\\/logo\\\/image\\\/\",\"url\":\"https:\\\/\\\/www.tabspain.com\\\/wp-content\\\/uploads\\\/2020\\\/01\\\/logo-tab.png\",\"contentUrl\":\"https:\\\/\\\/www.tabspain.com\\\/wp-content\\\/uploads\\\/2020\\\/01\\\/logo-tab.png\",\"width\":600,\"height\":250,\"caption\":\"TAB Batteries\"},\"image\":{\"@id\":\"https:\\\/\\\/www.tabspain.com\\\/pt-pt\\\/#\\\/schema\\\/logo\\\/image\\\/\"},\"sameAs\":[\"https:\\\/\\\/www.facebook.com\\\/TabSpain\\\/\",\"https:\\\/\\\/x.com\\\/TABspain\",\"https:\\\/\\\/www.linkedin.com\\\/company\\\/tab-spain\\\/\",\"https:\\\/\\\/www.youtube.com\\\/channel\\\/UC0xlSgPc61fxLM_rHDBJAhQ\",\"https:\\\/\\\/es.wikipedia.org\\\/wiki\\\/TAB_Batteries\"]}]}<\/script>\n<!-- \/ Yoast SEO plugin. -->","yoast_head_json":{"title":"Lista de contatos - TAB Batteries","robots":{"index":"noindex","follow":"follow"},"og_locale":"pt_PT","og_type":"article","og_title":"Lista de contatos - TAB Batteries","og_description":"[vc_row css_animation=&#8221;&#8221; row_type=&#8221;row&#8221; use_row_as_full_screen_section=&#8221;no&#8221; type=&#8221;full_width&#8221; angled_section=&#8221;no&#8221; text_align=&#8221;left&#8221; background_image_as_pattern=&#8221;without_pattern&#8221;][vc_column width=&#8221;1\/4&#8243; css=&#8221;.vc_custom_1581796004137{margin: 0px !important;padding: 0px !important;border: 0px initial !important;}&#8221;][\/vc_column][vc_column css_animation=&#8221;fadeInDown&#8221; width=&#8221;1\/2&#8243; css=&#8221;.vc_custom_1581796120459{border-bottom-width:...","og_url":"https:\/\/www.tabspain.com\/pt-pt\/lista-de-contatos\/","og_site_name":"TAB Batteries","article_publisher":"https:\/\/www.facebook.com\/TabSpain\/","article_modified_time":"2022-12-16T08:19:00+00:00","twitter_card":"summary_large_image","twitter_site":"@TABspain","twitter_misc":{"Tempo estimado de leitura":"2 minutos"},"schema":{"@context":"https:\/\/schema.org","@graph":[{"@type":"WebPage","@id":"https:\/\/www.tabspain.com\/pt-pt\/lista-de-contatos\/","url":"https:\/\/www.tabspain.com\/pt-pt\/lista-de-contatos\/","name":"Lista de contatos - TAB Batteries","isPartOf":{"@id":"https:\/\/www.tabspain.com\/pt-pt\/#website"},"datePublished":"2020-07-06T11:09:00+00:00","dateModified":"2022-12-16T08:19:00+00:00","breadcrumb":{"@id":"https:\/\/www.tabspain.com\/pt-pt\/lista-de-contatos\/#breadcrumb"},"inLanguage":"pt-PT","potentialAction":[{"@type":"ReadAction","target":["https:\/\/www.tabspain.com\/pt-pt\/lista-de-contatos\/"]}]},{"@type":"BreadcrumbList","@id":"https:\/\/www.tabspain.com\/pt-pt\/lista-de-contatos\/#breadcrumb","itemListElement":[{"@type":"ListItem","position":1,"name":"Portada","item":"https:\/\/www.tabspain.com\/pt-pt\/"},{"@type":"ListItem","position":2,"name":"Lista de contatos"}]},{"@type":"WebSite","@id":"https:\/\/www.tabspain.com\/pt-pt\/#website","url":"https:\/\/www.tabspain.com\/pt-pt\/","name":"TAB Batteries","description":"Fabricante de bater\u00edas","publisher":{"@id":"https:\/\/www.tabspain.com\/pt-pt\/#organization"},"potentialAction":[{"@type":"SearchAction","target":{"@type":"EntryPoint","urlTemplate":"https:\/\/www.tabspain.com\/pt-pt\/?s={search_term_string}"},"query-input":{"@type":"PropertyValueSpecification","valueRequired":true,"valueName":"search_term_string"}}],"inLanguage":"pt-PT"},{"@type":"Organization","@id":"https:\/\/www.tabspain.com\/pt-pt\/#organization","name":"TAB Batteries","url":"https:\/\/www.tabspain.com\/pt-pt\/","logo":{"@type":"ImageObject","inLanguage":"pt-PT","@id":"https:\/\/www.tabspain.com\/pt-pt\/#\/schema\/logo\/image\/","url":"https:\/\/www.tabspain.com\/wp-content\/uploads\/2020\/01\/logo-tab.png","contentUrl":"https:\/\/www.tabspain.com\/wp-content\/uploads\/2020\/01\/logo-tab.png","width":600,"height":250,"caption":"TAB Batteries"},"image":{"@id":"https:\/\/www.tabspain.com\/pt-pt\/#\/schema\/logo\/image\/"},"sameAs":["https:\/\/www.facebook.com\/TabSpain\/","https:\/\/x.com\/TABspain","https:\/\/www.linkedin.com\/company\/tab-spain\/","https:\/\/www.youtube.com\/channel\/UC0xlSgPc61fxLM_rHDBJAhQ","https:\/\/es.wikipedia.org\/wiki\/TAB_Batteries"]}]}},"_links":{"self":[{"href":"https:\/\/www.tabspain.com\/pt-pt\/wp-json\/wp\/v2\/pages\/3104","targetHints":{"allow":["GET"]}}],"collection":[{"href":"https:\/\/www.tabspain.com\/pt-pt\/wp-json\/wp\/v2\/pages"}],"about":[{"href":"https:\/\/www.tabspain.com\/pt-pt\/wp-json\/wp\/v2\/types\/page"}],"author":[{"embeddable":true,"href":"https:\/\/www.tabspain.com\/pt-pt\/wp-json\/wp\/v2\/users\/1"}],"replies":[{"embeddable":true,"href":"https:\/\/www.tabspain.com\/pt-pt\/wp-json\/wp\/v2\/comments?post=3104"}],"version-history":[{"count":0,"href":"https:\/\/www.tabspain.com\/pt-pt\/wp-json\/wp\/v2\/pages\/3104\/revisions"}],"wp:attachment":[{"href":"https:\/\/www.tabspain.com\/pt-pt\/wp-json\/wp\/v2\/media?parent=3104"}],"curies":[{"name":"wp","href":"https:\/\/api.w.org\/{rel}","templated":true}]}}