{"id":3109,"date":"2020-07-06T11:18:04","date_gmt":"2020-07-06T11:18:04","guid":{"rendered":"https:\/\/test.tabspain.com\/o-nosso-compromisso-com-os-cidadaos\/"},"modified":"2020-07-09T15:42:48","modified_gmt":"2020-07-09T15:42:48","slug":"o-nosso-compromisso-com-os-cidadaos","status":"publish","type":"page","link":"https:\/\/www.tabspain.com\/pt-pt\/o-nosso-compromisso-com-os-cidadaos\/","title":{"rendered":"O nosso compromisso com os cidad\u00e3os"},"content":{"rendered":"<div class=\"wpb-content-wrapper\"><p>[vc_row css_animation=&#8221;&#8221; row_type=&#8221;row&#8221; use_row_as_full_screen_section=&#8221;no&#8221; type=&#8221;full_width&#8221; angled_section=&#8221;no&#8221; text_align=&#8221;left&#8221; background_image_as_pattern=&#8221;without_pattern&#8221; z_index=&#8221;&#8221; css=&#8221;.vc_custom_1591780960634{margin-top: 0px !important;margin-right: 0px !important;margin-bottom: 0px !important;margin-left: 0px !important;padding-top: 0px !important;padding-right: 0px !important;padding-bottom: 0px !important;padding-left: 0px !important;background-color: #ffffff !important;}&#8221;][vc_column css=&#8221;.vc_custom_1581960382940{margin: 0px !important;padding: 0px !important;border: 0px initial !important;}&#8221;][qode_elements_holder number_of_columns=&#8221;two_columns&#8221;][qode_elements_holder_item vertical_alignment=&#8221;middle&#8221; advanced_animations=&#8221;no&#8221; item_padding=&#8221;50px 20% 50px 20%&#8221;][vc_column_text]<\/p>\n<h4>Damos m\u00e1scaras aos nossos clientes<\/h4>\n<p>[\/vc_column_text][vc_separator type=&#8221;small&#8221; position=&#8221;left&#8221; down=&#8221;15&#8243; up=&#8221;15&#8243;][vc_column_text]Sob o lema &#8220;Preocupamo-nos com o seu bem-estar&#8221;, entregamos uma m\u00e1scara lav\u00e1vel de qualidade equivalente ao FFP2 para a compra de duas baterias da marca TAB.<\/p>\n<p><a class=\"enlace\" href=\"\/?p=2282\">Ler mais.<\/a>[\/vc_column_text][\/qode_elements_holder_item][qode_elements_holder_item advanced_animations=&#8221;no&#8221;][vc_single_image image=&#8221;3112&#8243; img_size=&#8221;large&#8221; qode_css_animation=&#8221;&#8221;][\/qode_elements_holder_item][\/qode_elements_holder][\/vc_column][\/vc_row][vc_row css_animation=&#8221;&#8221; row_type=&#8221;row&#8221; use_row_as_full_screen_section=&#8221;no&#8221; type=&#8221;full_width&#8221; angled_section=&#8221;no&#8221; text_align=&#8221;left&#8221; background_image_as_pattern=&#8221;without_pattern&#8221; z_index=&#8221;&#8221; css=&#8221;.vc_custom_1591780947264{margin-top: 0px !important;margin-right: 0px !important;margin-bottom: 0px !important;margin-left: 0px !important;padding-top: 0px !important;padding-right: 0px !important;padding-bottom: 0px !important;padding-left: 0px !important;background-color: #00508b !important;}&#8221;][vc_column css=&#8221;.vc_custom_1581960344967{margin: 0px !important;padding: 0px !important;border: 0px initial !important;}&#8221;][qode_elements_holder number_of_columns=&#8221;two_columns&#8221;][qode_elements_holder_item advanced_animations=&#8221;no&#8221; background_color=&#8221;#00508b&#8221;][vc_single_image image=&#8221;2216&#8243; img_size=&#8221;full&#8221; onclick=&#8221;custom_link&#8221; qode_css_animation=&#8221;&#8221; link=&#8221;\/tab-spain-colabora-con-la-ong-semilla-para-el-cambio-apoyando-la-campana-12x100nutricion\/&#8221;][\/qode_elements_holder_item][qode_elements_holder_item vertical_alignment=&#8221;middle&#8221; advanced_animations=&#8221;no&#8221; item_padding=&#8221;10px 20% 10px 20%&#8221;][vc_column_text]<\/p>\n<h4><span style=\"color: #b0b0b6;\">Nova colabora\u00e7\u00e3o com Acci\u00f3n Solidaria<br \/>\n<\/span><\/h4>\n<p>[\/vc_column_text][vc_separator type=&#8221;small&#8221; position=&#8221;left&#8221; down=&#8221;15&#8243; up=&#8221;15&#8243; color=&#8221;#ffffff&#8221;][vc_column_text]<span style=\"color: #b0b0b6;\">A presentamos algumas imagens e um v\u00eddeo da nossa \u00faltima colabora\u00e7\u00e3o com a 4&#215;4 Acci\u00f3n Solidaria<br \/>\n<\/span><\/p>\n<p><a class=\"enlace\" href=\"https:\/\/www.facebook.com\/TabSpain\/posts\/2461840430556230\">Ler mais.<\/a>[\/vc_column_text][\/qode_elements_holder_item][\/qode_elements_holder][\/vc_column][\/vc_row][vc_row css_animation=&#8221;&#8221; row_type=&#8221;row&#8221; use_row_as_full_screen_section=&#8221;no&#8221; type=&#8221;full_width&#8221; angled_section=&#8221;no&#8221; text_align=&#8221;left&#8221; background_image_as_pattern=&#8221;without_pattern&#8221; z_index=&#8221;&#8221; css=&#8221;.vc_custom_1591780960634{margin-top: 0px !important;margin-right: 0px !important;margin-bottom: 0px !important;margin-left: 0px !important;padding-top: 0px !important;padding-right: 0px !important;padding-bottom: 0px !important;padding-left: 0px !important;background-color: #ffffff !important;}&#8221;][vc_column css=&#8221;.vc_custom_1581960382940{margin: 0px !important;padding: 0px !important;border: 0px initial !important;}&#8221;][qode_elements_holder number_of_columns=&#8221;two_columns&#8221;][qode_elements_holder_item vertical_alignment=&#8221;middle&#8221; advanced_animations=&#8221;no&#8221; item_padding=&#8221;50px 20% 50px 20%&#8221;][vc_column_text]<\/p>\n<h4>Campanha \u201cUma crian\u00e7a, um futuro\u201d<\/h4>\n<p>[\/vc_column_text][vc_separator type=&#8221;small&#8221; position=&#8221;left&#8221; down=&#8221;15&#8243; up=&#8221;15&#8243;][vc_column_text]Colaboramos novamente com a ONG Acci\u00f3n Solidaria com a doa\u00e7\u00e3o de material escolar para crian\u00e7as carenciadas em Marrocos.<\/p>\n<p><a class=\"enlace\" href=\"\/?p=108\">Ler mais.<\/a>[\/vc_column_text][\/qode_elements_holder_item][qode_elements_holder_item advanced_animations=&#8221;no&#8221;][vc_single_image image=&#8221;2215&#8243; img_size=&#8221;large&#8221; qode_css_animation=&#8221;&#8221;][\/qode_elements_holder_item][\/qode_elements_holder][\/vc_column][\/vc_row][vc_row css_animation=&#8221;&#8221; row_type=&#8221;row&#8221; use_row_as_full_screen_section=&#8221;no&#8221; type=&#8221;full_width&#8221; angled_section=&#8221;no&#8221; text_align=&#8221;left&#8221; background_image_as_pattern=&#8221;without_pattern&#8221; z_index=&#8221;&#8221; css=&#8221;.vc_custom_1591780947264{margin-top: 0px !important;margin-right: 0px !important;margin-bottom: 0px !important;margin-left: 0px !important;padding-top: 0px !important;padding-right: 0px !important;padding-bottom: 0px !important;padding-left: 0px !important;background-color: #00508b !important;}&#8221;][vc_column css=&#8221;.vc_custom_1581960344967{margin: 0px !important;padding: 0px !important;border: 0px initial !important;}&#8221;][qode_elements_holder number_of_columns=&#8221;two_columns&#8221;][qode_elements_holder_item advanced_animations=&#8221;no&#8221; background_color=&#8221;#00508b&#8221;][vc_single_image image=&#8221;2214&#8243; img_size=&#8221;full&#8221; onclick=&#8221;custom_link&#8221; qode_css_animation=&#8221;&#8221; link=&#8221;\/tab-spain-colabora-con-la-ong-semilla-para-el-cambio-apoyando-la-campana-12x100nutricion\/&#8221;][\/qode_elements_holder_item][qode_elements_holder_item vertical_alignment=&#8221;middle&#8221; advanced_animations=&#8221;no&#8221; item_padding=&#8221;10px 20% 10px 20%&#8221;][vc_column_text]<\/p>\n<h4><span style=\"color: #b0b0b6;\">Colaboramos com a ONG 4&#215;4 Acci\u00f3n Solidaria<br \/>\n<\/span><\/h4>\n<p>[\/vc_column_text][vc_separator type=&#8221;small&#8221; position=&#8221;left&#8221; down=&#8221;15&#8243; up=&#8221;15&#8243; color=&#8221;#ffffff&#8221;][vc_column_text]<span style=\"color: #b0b0b6;\">Participa\u00e7\u00e3o, atrav\u00e9s da ONG, em campanhas como a VIII\u00aa Caravana Solid\u00e1ria, que foi desenvolvida sob o lema \u201cUma crian\u00e7a, um sorriso\u201d.<br \/>\n<\/span><\/p>\n<p><a class=\"enlace\" href=\"https:\/\/www.facebook.com\/TabSpain\/posts\/1814850331921913\">Ler mais.<\/a>[\/vc_column_text][\/qode_elements_holder_item][\/qode_elements_holder][\/vc_column][\/vc_row][vc_row css_animation=&#8221;&#8221; row_type=&#8221;row&#8221; use_row_as_full_screen_section=&#8221;no&#8221; type=&#8221;full_width&#8221; angled_section=&#8221;no&#8221; text_align=&#8221;left&#8221; background_image_as_pattern=&#8221;without_pattern&#8221; z_index=&#8221;&#8221; css=&#8221;.vc_custom_1591780960634{margin-top: 0px !important;margin-right: 0px !important;margin-bottom: 0px !important;margin-left: 0px !important;padding-top: 0px !important;padding-right: 0px !important;padding-bottom: 0px !important;padding-left: 0px !important;background-color: #ffffff !important;}&#8221;][vc_column css=&#8221;.vc_custom_1581960382940{margin: 0px !important;padding: 0px !important;border: 0px initial !important;}&#8221;][qode_elements_holder number_of_columns=&#8221;two_columns&#8221;][qode_elements_holder_item vertical_alignment=&#8221;middle&#8221; advanced_animations=&#8221;no&#8221; item_padding=&#8221;50px 20% 50px 20%&#8221;][vc_column_text]<\/p>\n<h4>Sorteamos 10 len\u00e7os de seda em colabora\u00e7\u00e3o com a ONG \u201cSemilla para el Cambio\u201d<\/h4>\n<p>[\/vc_column_text][vc_separator type=&#8221;small&#8221; position=&#8221;left&#8221; down=&#8221;15&#8243; up=&#8221;15&#8243;][vc_column_text]Organizamos um sorteio no Facebook em colabora\u00e7\u00e3o com a ONG \u201cSemilla para el Cambio\u201d.<\/p>\n<p><a class=\"enlace\" href=\"\/?p=231\">Ler mais.<\/a>[\/vc_column_text][\/qode_elements_holder_item][qode_elements_holder_item advanced_animations=&#8221;no&#8221;][vc_single_image image=&#8221;2213&#8243; img_size=&#8221;large&#8221; qode_css_animation=&#8221;&#8221;][\/qode_elements_holder_item][\/qode_elements_holder][\/vc_column][\/vc_row][vc_row css_animation=&#8221;&#8221; row_type=&#8221;row&#8221; use_row_as_full_screen_section=&#8221;no&#8221; type=&#8221;full_width&#8221; angled_section=&#8221;no&#8221; text_align=&#8221;left&#8221; background_image_as_pattern=&#8221;without_pattern&#8221; z_index=&#8221;&#8221; css=&#8221;.vc_custom_1591780947264{margin-top: 0px !important;margin-right: 0px !important;margin-bottom: 0px !important;margin-left: 0px !important;padding-top: 0px !important;padding-right: 0px !important;padding-bottom: 0px !important;padding-left: 0px !important;background-color: #00508b !important;}&#8221;][vc_column css=&#8221;.vc_custom_1581960344967{margin: 0px !important;padding: 0px !important;border: 0px initial !important;}&#8221;][qode_elements_holder number_of_columns=&#8221;two_columns&#8221;][qode_elements_holder_item advanced_animations=&#8221;no&#8221; background_color=&#8221;#00508b&#8221;][vc_single_image image=&#8221;2212&#8243; img_size=&#8221;full&#8221; onclick=&#8221;custom_link&#8221; qode_css_animation=&#8221;&#8221; link=&#8221;\/tab-spain-colabora-con-la-ong-semilla-para-el-cambio-apoyando-la-campana-12x100nutricion\/&#8221;][\/qode_elements_holder_item][qode_elements_holder_item vertical_alignment=&#8221;middle&#8221; advanced_animations=&#8221;no&#8221; item_padding=&#8221;10px 20% 10px 20%&#8221;][vc_column_text]<\/p>\n<h4><span style=\"color: #b0b0b6;\">Colaboramos com a ONG \u201cSemilla para el Cambio\u201d para apoiar a campanha 12&#215;100=Nutri\u00e7\u00e3o<br \/>\n<\/span><\/h4>\n<p>[\/vc_column_text][vc_separator type=&#8221;small&#8221; position=&#8221;left&#8221; down=&#8221;15&#8243; up=&#8221;15&#8243; color=&#8221;#ffffff&#8221;][vc_column_text]<span style=\"color: #b0b0b6;\">A campanha tentou promover a alimenta\u00e7\u00e3o infantil nas cantinas escolares que a ONG gere na cidade indiana de Varanasi.<\/span><\/p>\n<p><a class=\"enlace\" href=\"\/?p=268\">Ler mais.<\/a>[\/vc_column_text][\/qode_elements_holder_item][\/qode_elements_holder][\/vc_column][\/vc_row]<\/p>\n<\/div>","protected":false},"excerpt":{"rendered":"<p>[vc_row css_animation=&#8221;&#8221; row_type=&#8221;row&#8221; use_row_as_full_screen_section=&#8221;no&#8221; type=&#8221;full_width&#8221; angled_section=&#8221;no&#8221; text_align=&#8221;left&#8221; background_image_as_pattern=&#8221;without_pattern&#8221; z_index=&#8221;&#8221; css=&#8221;.vc_custom_1591780960634{margin-top: 0px !important;margin-right: 0px !important;margin-bottom: 0px !important;margin-left: 0px !important;padding-top: 0px !important;padding-right:&#8230;<\/p>\n","protected":false},"author":1,"featured_media":0,"parent":0,"menu_order":0,"comment_status":"closed","ping_status":"closed","template":"full_width.php","meta":{"_monsterinsights_skip_tracking":false,"_monsterinsights_sitenote_active":false,"_monsterinsights_sitenote_note":"","_monsterinsights_sitenote_category":0,"footnotes":""},"class_list":["post-3109","page","type-page","status-publish","hentry"],"yoast_head":"<!-- This site is optimized with the Yoast SEO plugin v27.0 - https:\/\/yoast.com\/product\/yoast-seo-wordpress\/ -->\n<title>O nosso compromisso com os cidad\u00e3os - TAB Batteries<\/title>\n<meta name=\"robots\" content=\"noindex, follow\" \/>\n<meta property=\"og:locale\" content=\"pt_PT\" \/>\n<meta property=\"og:type\" content=\"article\" \/>\n<meta property=\"og:title\" content=\"O nosso compromisso com os cidad\u00e3os - TAB Batteries\" \/>\n<meta property=\"og:description\" content=\"[vc_row css_animation=&#8221;&#8221; row_type=&#8221;row&#8221; use_row_as_full_screen_section=&#8221;no&#8221; type=&#8221;full_width&#8221; angled_section=&#8221;no&#8221; text_align=&#8221;left&#8221; background_image_as_pattern=&#8221;without_pattern&#8221; z_index=&#8221;&#8221; css=&#8221;.vc_custom_1591780960634{margin-top: 0px !important;margin-right: 0px !important;margin-bottom: 0px !important;margin-left: 0px !important;padding-top: 0px !important;padding-right:...\" \/>\n<meta property=\"og:url\" content=\"https:\/\/www.tabspain.com\/pt-pt\/o-nosso-compromisso-com-os-cidadaos\/\" \/>\n<meta property=\"og:site_name\" content=\"TAB Batteries\" \/>\n<meta property=\"article:publisher\" content=\"https:\/\/www.facebook.com\/TabSpain\/\" \/>\n<meta property=\"article:modified_time\" content=\"2020-07-09T15:42:48+00:00\" \/>\n<meta name=\"twitter:card\" content=\"summary_large_image\" \/>\n<meta name=\"twitter:site\" content=\"@TABspain\" \/>\n<meta name=\"twitter:label1\" content=\"Tempo estimado de leitura\" \/>\n\t<meta name=\"twitter:data1\" content=\"6 minutos\" \/>\n<script type=\"application\/ld+json\" class=\"yoast-schema-graph\">{\"@context\":\"https:\/\/schema.org\",\"@graph\":[{\"@type\":\"WebPage\",\"@id\":\"https:\/\/www.tabspain.com\/pt-pt\/o-nosso-compromisso-com-os-cidadaos\/\",\"url\":\"https:\/\/www.tabspain.com\/pt-pt\/o-nosso-compromisso-com-os-cidadaos\/\",\"name\":\"O nosso compromisso com os cidad\u00e3os - TAB Batteries\",\"isPartOf\":{\"@id\":\"https:\/\/www.tabspain.com\/pt-pt\/#website\"},\"datePublished\":\"2020-07-06T11:18:04+00:00\",\"dateModified\":\"2020-07-09T15:42:48+00:00\",\"breadcrumb\":{\"@id\":\"https:\/\/www.tabspain.com\/pt-pt\/o-nosso-compromisso-com-os-cidadaos\/#breadcrumb\"},\"inLanguage\":\"pt-PT\",\"potentialAction\":[{\"@type\":\"ReadAction\",\"target\":[\"https:\/\/www.tabspain.com\/pt-pt\/o-nosso-compromisso-com-os-cidadaos\/\"]}]},{\"@type\":\"BreadcrumbList\",\"@id\":\"https:\/\/www.tabspain.com\/pt-pt\/o-nosso-compromisso-com-os-cidadaos\/#breadcrumb\",\"itemListElement\":[{\"@type\":\"ListItem\",\"position\":1,\"name\":\"Portada\",\"item\":\"https:\/\/www.tabspain.com\/pt-pt\/\"},{\"@type\":\"ListItem\",\"position\":2,\"name\":\"O nosso compromisso com os cidad\u00e3os\"}]},{\"@type\":\"WebSite\",\"@id\":\"https:\/\/www.tabspain.com\/pt-pt\/#website\",\"url\":\"https:\/\/www.tabspain.com\/pt-pt\/\",\"name\":\"TAB Batteries\",\"description\":\"Fabricante de bater\u00edas\",\"publisher\":{\"@id\":\"https:\/\/www.tabspain.com\/pt-pt\/#organization\"},\"potentialAction\":[{\"@type\":\"SearchAction\",\"target\":{\"@type\":\"EntryPoint\",\"urlTemplate\":\"https:\/\/www.tabspain.com\/pt-pt\/?s={search_term_string}\"},\"query-input\":{\"@type\":\"PropertyValueSpecification\",\"valueRequired\":true,\"valueName\":\"search_term_string\"}}],\"inLanguage\":\"pt-PT\"},{\"@type\":\"Organization\",\"@id\":\"https:\/\/www.tabspain.com\/pt-pt\/#organization\",\"name\":\"TAB Batteries\",\"url\":\"https:\/\/www.tabspain.com\/pt-pt\/\",\"logo\":{\"@type\":\"ImageObject\",\"inLanguage\":\"pt-PT\",\"@id\":\"https:\/\/www.tabspain.com\/pt-pt\/#\/schema\/logo\/image\/\",\"url\":\"https:\/\/www.tabspain.com\/wp-content\/uploads\/2020\/01\/logo-tab.png\",\"contentUrl\":\"https:\/\/www.tabspain.com\/wp-content\/uploads\/2020\/01\/logo-tab.png\",\"width\":600,\"height\":250,\"caption\":\"TAB Batteries\"},\"image\":{\"@id\":\"https:\/\/www.tabspain.com\/pt-pt\/#\/schema\/logo\/image\/\"},\"sameAs\":[\"https:\/\/www.facebook.com\/TabSpain\/\",\"https:\/\/x.com\/TABspain\",\"https:\/\/www.linkedin.com\/company\/tab-spain\/\",\"https:\/\/www.youtube.com\/channel\/UC0xlSgPc61fxLM_rHDBJAhQ\",\"https:\/\/es.wikipedia.org\/wiki\/TAB_Batteries\"]}]}<\/script>\n<!-- \/ Yoast SEO plugin. -->","yoast_head_json":{"title":"O nosso compromisso com os cidad\u00e3os - TAB Batteries","robots":{"index":"noindex","follow":"follow"},"og_locale":"pt_PT","og_type":"article","og_title":"O nosso compromisso com os cidad\u00e3os - TAB Batteries","og_description":"[vc_row css_animation=&#8221;&#8221; row_type=&#8221;row&#8221; use_row_as_full_screen_section=&#8221;no&#8221; type=&#8221;full_width&#8221; angled_section=&#8221;no&#8221; text_align=&#8221;left&#8221; background_image_as_pattern=&#8221;without_pattern&#8221; z_index=&#8221;&#8221; css=&#8221;.vc_custom_1591780960634{margin-top: 0px !important;margin-right: 0px !important;margin-bottom: 0px !important;margin-left: 0px !important;padding-top: 0px !important;padding-right:...","og_url":"https:\/\/www.tabspain.com\/pt-pt\/o-nosso-compromisso-com-os-cidadaos\/","og_site_name":"TAB Batteries","article_publisher":"https:\/\/www.facebook.com\/TabSpain\/","article_modified_time":"2020-07-09T15:42:48+00:00","twitter_card":"summary_large_image","twitter_site":"@TABspain","twitter_misc":{"Tempo estimado de leitura":"6 minutos"},"schema":{"@context":"https:\/\/schema.org","@graph":[{"@type":"WebPage","@id":"https:\/\/www.tabspain.com\/pt-pt\/o-nosso-compromisso-com-os-cidadaos\/","url":"https:\/\/www.tabspain.com\/pt-pt\/o-nosso-compromisso-com-os-cidadaos\/","name":"O nosso compromisso com os cidad\u00e3os - TAB Batteries","isPartOf":{"@id":"https:\/\/www.tabspain.com\/pt-pt\/#website"},"datePublished":"2020-07-06T11:18:04+00:00","dateModified":"2020-07-09T15:42:48+00:00","breadcrumb":{"@id":"https:\/\/www.tabspain.com\/pt-pt\/o-nosso-compromisso-com-os-cidadaos\/#breadcrumb"},"inLanguage":"pt-PT","potentialAction":[{"@type":"ReadAction","target":["https:\/\/www.tabspain.com\/pt-pt\/o-nosso-compromisso-com-os-cidadaos\/"]}]},{"@type":"BreadcrumbList","@id":"https:\/\/www.tabspain.com\/pt-pt\/o-nosso-compromisso-com-os-cidadaos\/#breadcrumb","itemListElement":[{"@type":"ListItem","position":1,"name":"Portada","item":"https:\/\/www.tabspain.com\/pt-pt\/"},{"@type":"ListItem","position":2,"name":"O nosso compromisso com os cidad\u00e3os"}]},{"@type":"WebSite","@id":"https:\/\/www.tabspain.com\/pt-pt\/#website","url":"https:\/\/www.tabspain.com\/pt-pt\/","name":"TAB Batteries","description":"Fabricante de bater\u00edas","publisher":{"@id":"https:\/\/www.tabspain.com\/pt-pt\/#organization"},"potentialAction":[{"@type":"SearchAction","target":{"@type":"EntryPoint","urlTemplate":"https:\/\/www.tabspain.com\/pt-pt\/?s={search_term_string}"},"query-input":{"@type":"PropertyValueSpecification","valueRequired":true,"valueName":"search_term_string"}}],"inLanguage":"pt-PT"},{"@type":"Organization","@id":"https:\/\/www.tabspain.com\/pt-pt\/#organization","name":"TAB Batteries","url":"https:\/\/www.tabspain.com\/pt-pt\/","logo":{"@type":"ImageObject","inLanguage":"pt-PT","@id":"https:\/\/www.tabspain.com\/pt-pt\/#\/schema\/logo\/image\/","url":"https:\/\/www.tabspain.com\/wp-content\/uploads\/2020\/01\/logo-tab.png","contentUrl":"https:\/\/www.tabspain.com\/wp-content\/uploads\/2020\/01\/logo-tab.png","width":600,"height":250,"caption":"TAB Batteries"},"image":{"@id":"https:\/\/www.tabspain.com\/pt-pt\/#\/schema\/logo\/image\/"},"sameAs":["https:\/\/www.facebook.com\/TabSpain\/","https:\/\/x.com\/TABspain","https:\/\/www.linkedin.com\/company\/tab-spain\/","https:\/\/www.youtube.com\/channel\/UC0xlSgPc61fxLM_rHDBJAhQ","https:\/\/es.wikipedia.org\/wiki\/TAB_Batteries"]}]}},"_links":{"self":[{"href":"https:\/\/www.tabspain.com\/pt-pt\/wp-json\/wp\/v2\/pages\/3109","targetHints":{"allow":["GET"]}}],"collection":[{"href":"https:\/\/www.tabspain.com\/pt-pt\/wp-json\/wp\/v2\/pages"}],"about":[{"href":"https:\/\/www.tabspain.com\/pt-pt\/wp-json\/wp\/v2\/types\/page"}],"author":[{"embeddable":true,"href":"https:\/\/www.tabspain.com\/pt-pt\/wp-json\/wp\/v2\/users\/1"}],"replies":[{"embeddable":true,"href":"https:\/\/www.tabspain.com\/pt-pt\/wp-json\/wp\/v2\/comments?post=3109"}],"version-history":[{"count":0,"href":"https:\/\/www.tabspain.com\/pt-pt\/wp-json\/wp\/v2\/pages\/3109\/revisions"}],"wp:attachment":[{"href":"https:\/\/www.tabspain.com\/pt-pt\/wp-json\/wp\/v2\/media?parent=3109"}],"curies":[{"name":"wp","href":"https:\/\/api.w.org\/{rel}","templated":true}]}}