{"id":3145,"date":"2020-07-06T12:06:54","date_gmt":"2020-07-06T12:06:54","guid":{"rendered":"https:\/\/test.tabspain.com\/contacto\/"},"modified":"2020-10-06T06:38:51","modified_gmt":"2020-10-06T06:38:51","slug":"contacto","status":"publish","type":"page","link":"https:\/\/www.tabspain.com\/pt-pt\/contacto\/","title":{"rendered":"Contacto"},"content":{"rendered":"<div class=\"wpb-content-wrapper\"><p>[vc_row css_animation=&#8221;&#8221; row_type=&#8221;row&#8221; use_row_as_full_screen_section=&#8221;no&#8221; type=&#8221;full_width&#8221; angled_section=&#8221;no&#8221; text_align=&#8221;left&#8221; background_image_as_pattern=&#8221;without_pattern&#8221;][vc_column width=&#8221;1\/2&#8243;]<div class=\"wpforms-container wpforms-container-full\" id=\"wpforms-3236\"><form id=\"wpforms-form-3236\" class=\"wpforms-validate wpforms-form\" data-formid=\"3236\" method=\"post\" enctype=\"multipart\/form-data\" action=\"\/pt-pt\/wp-json\/wp\/v2\/pages\/3145\" data-token=\"cb1fbb6821bd96ca852b76ed627b149d\" data-token-time=\"1778915924\"><div class=\"wpforms-head-container\"><div class=\"wpforms-title\">Contate-Nos<\/div><\/div><noscript class=\"wpforms-error-noscript\">Please enable JavaScript in your browser to complete this form.<\/noscript><div class=\"wpforms-field-container\"><div id=\"wpforms-3236-field_0-container\" class=\"wpforms-field wpforms-field-name wpforms-one-half wpforms-first\" data-field-id=\"0\"><label class=\"wpforms-field-label\" for=\"wpforms-3236-field_0\">Nome completo <span class=\"wpforms-required-label\">*<\/span><\/label><input type=\"text\" id=\"wpforms-3236-field_0\" class=\"wpforms-field-large wpforms-field-required\" name=\"wpforms[fields][0]\" required><\/div><div id=\"wpforms-3236-field_1-container\" class=\"wpforms-field wpforms-field-email wpforms-one-half\" data-field-id=\"1\"><label class=\"wpforms-field-label\" for=\"wpforms-3236-field_1\">Correio eletr\u00f4nico <span class=\"wpforms-required-label\">*<\/span><\/label><input type=\"email\" id=\"wpforms-3236-field_1\" class=\"wpforms-field-large wpforms-field-required\" name=\"wpforms[fields][1]\" spellcheck=\"false\" required><\/div><div id=\"wpforms-3236-field_2-container\" class=\"wpforms-field wpforms-field-textarea\" data-field-id=\"2\"><label class=\"wpforms-field-label\" for=\"wpforms-3236-field_2\">Mensagem <span class=\"wpforms-required-label\">*<\/span><\/label><textarea id=\"wpforms-3236-field_2\" class=\"wpforms-field-medium wpforms-field-required\" name=\"wpforms[fields][2]\" required><\/textarea><\/div><div id=\"wpforms-3236-field_5-container\" class=\"wpforms-field wpforms-field-gdpr-checkbox\" data-field-id=\"5\"><label class=\"wpforms-field-label wpforms-label-hide\">Acuerdo RGPD  <span class=\"wpforms-required-label\">*<\/span><\/label><ul id=\"wpforms-3236-field_5\" class=\"wpforms-field-required\"><li class=\"choice-1\"><input type=\"checkbox\" id=\"wpforms-3236-field_5_1\" name=\"wpforms[fields][5][]\" value=\"Aceito a &lt;a href=&quot;\/aviso-legal&quot;&gt;Pol\u00edtica de privacidade&lt;\/a&gt;\" required ><label class=\"wpforms-field-label-inline\" for=\"wpforms-3236-field_5_1\">Aceito a <a href=\"\/aviso-legal\">Pol\u00edtica de privacidade<\/a> <span class=\"wpforms-required-label\">*<\/span><\/label><\/li><\/ul><\/div><\/div><!-- .wpforms-field-container --><div class=\"wpforms-field wpforms-field-hp\"><label for=\"wpforms-3236-field-hp\" class=\"wpforms-field-label\">Message<\/label><input type=\"text\" name=\"wpforms[hp]\" id=\"wpforms-3236-field-hp\" class=\"wpforms-field-medium\"><\/div><div class=\"wpforms-recaptcha-container wpforms-is-recaptcha wpforms-is-recaptcha-type-v2\" ><div class=\"g-recaptcha\" data-sitekey=\"6LfV1sEUAAAAAIFzmyCNJNd8gMDLx6iug_lJ_iFV\"><\/div><input type=\"text\" name=\"g-recaptcha-hidden\" class=\"wpforms-recaptcha-hidden\" style=\"position:absolute!important;clip:rect(0,0,0,0)!important;height:1px!important;width:1px!important;border:0!important;overflow:hidden!important;padding:0!important;margin:0!important;\" data-rule-recaptcha=\"1\"><\/div><div class=\"wpforms-submit-container\" ><input type=\"hidden\" name=\"wpforms[id]\" value=\"3236\"><input type=\"hidden\" name=\"page_title\" value=\"\"><input type=\"hidden\" name=\"page_url\" value=\"https:\/\/www.tabspain.com\/pt-pt\/wp-json\/wp\/v2\/pages\/3145\"><input type=\"hidden\" name=\"url_referer\" value=\"\"><button type=\"submit\" name=\"wpforms[submit]\" id=\"wpforms-submit-3236\" class=\"wpforms-submit\" data-alt-text=\"Enviando...\" data-submit-text=\"Enviar\" aria-live=\"assertive\" value=\"wpforms-submit\">Enviar<\/button><\/div><\/form><\/div>  <!-- .wpforms-container -->[\/vc_column][vc_column width=&#8221;1\/2&#8243;][vc_column_text]<\/p>\n<h3>Voc\u00ea \u00e9 profissional?<\/h3>\n<p>Use nosso <a href=\"https:\/\/www.tabspain.com\/pt-pt\/formulario-de-contacto-para-profesionales\/\">Formul\u00e1rio de Contato para profissionais<\/a>.<\/p>\n<hr \/>\n<h5>Suporte ao cliente<\/h5>\n<p>Ordens Arranque: <a href=\"mailto:pedidos@tabspain.com\">pedidos@tabspain.com<\/a><br \/>\nOrdens Tra\u00e7\u00e3o: <a href=\"mailto:traction@tabspain.com\">traction@tabspain.com<\/a><br \/>\nOrdens Estacion\u00e1rias: <a href=\"mailto:industriales@tabspain.com\">industriales@tabspain.com<\/a><br \/>\nReciclando: <a href=\"mailto:ecomotion@tabspain.com\">ecomotion@tabspain.com<\/a><\/p>\n<hr \/>\n<p>Voc\u00ea est\u00e1 procurando um contato espec\u00edfico? Confira nossa <a href=\"\/lista-de-contactos\/\">lista de contatos<\/a>.[\/vc_column_text][\/vc_column][\/vc_row]<\/p>\n<\/div>","protected":false},"excerpt":{"rendered":"<p>[vc_row css_animation=&#8221;&#8221; row_type=&#8221;row&#8221; use_row_as_full_screen_section=&#8221;no&#8221; type=&#8221;full_width&#8221; angled_section=&#8221;no&#8221; text_align=&#8221;left&#8221; background_image_as_pattern=&#8221;without_pattern&#8221;][vc_column width=&#8221;1\/2&#8243;][\/vc_column][vc_column width=&#8221;1\/2&#8243;][vc_column_text] Voc\u00ea \u00e9 profissional? Use nosso Formul\u00e1rio de Contato para profissionais&#8230;.<\/p>\n","protected":false},"author":1,"featured_media":0,"parent":0,"menu_order":0,"comment_status":"closed","ping_status":"closed","template":"","meta":{"_monsterinsights_skip_tracking":false,"_monsterinsights_sitenote_active":false,"_monsterinsights_sitenote_note":"","_monsterinsights_sitenote_category":0,"footnotes":""},"class_list":["post-3145","page","type-page","status-publish","hentry"],"yoast_head":"<!-- This site is optimized with the Yoast SEO plugin v27.5 - https:\/\/yoast.com\/product\/yoast-seo-wordpress\/ -->\n<title>Contacto - TAB Batteries<\/title>\n<meta name=\"robots\" content=\"index, follow, max-snippet:-1, max-image-preview:large, max-video-preview:-1\" \/>\n<link rel=\"canonical\" href=\"https:\/\/www.tabspain.com\/pt-pt\/contacto\/\" \/>\n<meta property=\"og:locale\" content=\"pt_PT\" \/>\n<meta property=\"og:type\" content=\"article\" \/>\n<meta property=\"og:title\" content=\"Contacto - TAB Batteries\" \/>\n<meta property=\"og:description\" content=\"[vc_row css_animation=&#8221;&#8221; row_type=&#8221;row&#8221; use_row_as_full_screen_section=&#8221;no&#8221; type=&#8221;full_width&#8221; angled_section=&#8221;no&#8221; text_align=&#8221;left&#8221; background_image_as_pattern=&#8221;without_pattern&#8221;][vc_column width=&#8221;1\/2&#8243;][\/vc_column][vc_column width=&#8221;1\/2&#8243;][vc_column_text] Voc\u00ea \u00e9 profissional? Use nosso Formul\u00e1rio de Contato para profissionais....\" \/>\n<meta property=\"og:url\" content=\"https:\/\/www.tabspain.com\/pt-pt\/contacto\/\" \/>\n<meta property=\"og:site_name\" content=\"TAB Batteries\" \/>\n<meta property=\"article:publisher\" content=\"https:\/\/www.facebook.com\/TabSpain\/\" \/>\n<meta property=\"article:modified_time\" content=\"2020-10-06T06:38:51+00:00\" \/>\n<meta name=\"twitter:card\" content=\"summary_large_image\" \/>\n<meta name=\"twitter:site\" content=\"@TABspain\" \/>\n<script type=\"application\/ld+json\" class=\"yoast-schema-graph\">{\"@context\":\"https:\\\/\\\/schema.org\",\"@graph\":[{\"@type\":\"WebPage\",\"@id\":\"https:\\\/\\\/www.tabspain.com\\\/pt-pt\\\/contacto\\\/\",\"url\":\"https:\\\/\\\/www.tabspain.com\\\/pt-pt\\\/contacto\\\/\",\"name\":\"Contacto - TAB Batteries\",\"isPartOf\":{\"@id\":\"https:\\\/\\\/www.tabspain.com\\\/pt-pt\\\/#website\"},\"datePublished\":\"2020-07-06T12:06:54+00:00\",\"dateModified\":\"2020-10-06T06:38:51+00:00\",\"breadcrumb\":{\"@id\":\"https:\\\/\\\/www.tabspain.com\\\/pt-pt\\\/contacto\\\/#breadcrumb\"},\"inLanguage\":\"pt-PT\",\"potentialAction\":[{\"@type\":\"ReadAction\",\"target\":[\"https:\\\/\\\/www.tabspain.com\\\/pt-pt\\\/contacto\\\/\"]}]},{\"@type\":\"BreadcrumbList\",\"@id\":\"https:\\\/\\\/www.tabspain.com\\\/pt-pt\\\/contacto\\\/#breadcrumb\",\"itemListElement\":[{\"@type\":\"ListItem\",\"position\":1,\"name\":\"Portada\",\"item\":\"https:\\\/\\\/www.tabspain.com\\\/pt-pt\\\/\"},{\"@type\":\"ListItem\",\"position\":2,\"name\":\"Contacto\"}]},{\"@type\":\"WebSite\",\"@id\":\"https:\\\/\\\/www.tabspain.com\\\/pt-pt\\\/#website\",\"url\":\"https:\\\/\\\/www.tabspain.com\\\/pt-pt\\\/\",\"name\":\"TAB Batteries\",\"description\":\"Fabricante de bater\u00edas\",\"publisher\":{\"@id\":\"https:\\\/\\\/www.tabspain.com\\\/pt-pt\\\/#organization\"},\"potentialAction\":[{\"@type\":\"SearchAction\",\"target\":{\"@type\":\"EntryPoint\",\"urlTemplate\":\"https:\\\/\\\/www.tabspain.com\\\/pt-pt\\\/?s={search_term_string}\"},\"query-input\":{\"@type\":\"PropertyValueSpecification\",\"valueRequired\":true,\"valueName\":\"search_term_string\"}}],\"inLanguage\":\"pt-PT\"},{\"@type\":\"Organization\",\"@id\":\"https:\\\/\\\/www.tabspain.com\\\/pt-pt\\\/#organization\",\"name\":\"TAB Batteries\",\"url\":\"https:\\\/\\\/www.tabspain.com\\\/pt-pt\\\/\",\"logo\":{\"@type\":\"ImageObject\",\"inLanguage\":\"pt-PT\",\"@id\":\"https:\\\/\\\/www.tabspain.com\\\/pt-pt\\\/#\\\/schema\\\/logo\\\/image\\\/\",\"url\":\"https:\\\/\\\/www.tabspain.com\\\/wp-content\\\/uploads\\\/2020\\\/01\\\/logo-tab.png\",\"contentUrl\":\"https:\\\/\\\/www.tabspain.com\\\/wp-content\\\/uploads\\\/2020\\\/01\\\/logo-tab.png\",\"width\":600,\"height\":250,\"caption\":\"TAB Batteries\"},\"image\":{\"@id\":\"https:\\\/\\\/www.tabspain.com\\\/pt-pt\\\/#\\\/schema\\\/logo\\\/image\\\/\"},\"sameAs\":[\"https:\\\/\\\/www.facebook.com\\\/TabSpain\\\/\",\"https:\\\/\\\/x.com\\\/TABspain\",\"https:\\\/\\\/www.linkedin.com\\\/company\\\/tab-spain\\\/\",\"https:\\\/\\\/www.youtube.com\\\/channel\\\/UC0xlSgPc61fxLM_rHDBJAhQ\",\"https:\\\/\\\/es.wikipedia.org\\\/wiki\\\/TAB_Batteries\"]}]}<\/script>\n<!-- \/ Yoast SEO plugin. -->","yoast_head_json":{"title":"Contacto - TAB Batteries","robots":{"index":"index","follow":"follow","max-snippet":"max-snippet:-1","max-image-preview":"max-image-preview:large","max-video-preview":"max-video-preview:-1"},"canonical":"https:\/\/www.tabspain.com\/pt-pt\/contacto\/","og_locale":"pt_PT","og_type":"article","og_title":"Contacto - TAB Batteries","og_description":"[vc_row css_animation=&#8221;&#8221; row_type=&#8221;row&#8221; use_row_as_full_screen_section=&#8221;no&#8221; type=&#8221;full_width&#8221; angled_section=&#8221;no&#8221; text_align=&#8221;left&#8221; background_image_as_pattern=&#8221;without_pattern&#8221;][vc_column width=&#8221;1\/2&#8243;][\/vc_column][vc_column width=&#8221;1\/2&#8243;][vc_column_text] Voc\u00ea \u00e9 profissional? Use nosso Formul\u00e1rio de Contato para profissionais....","og_url":"https:\/\/www.tabspain.com\/pt-pt\/contacto\/","og_site_name":"TAB Batteries","article_publisher":"https:\/\/www.facebook.com\/TabSpain\/","article_modified_time":"2020-10-06T06:38:51+00:00","twitter_card":"summary_large_image","twitter_site":"@TABspain","schema":{"@context":"https:\/\/schema.org","@graph":[{"@type":"WebPage","@id":"https:\/\/www.tabspain.com\/pt-pt\/contacto\/","url":"https:\/\/www.tabspain.com\/pt-pt\/contacto\/","name":"Contacto - TAB Batteries","isPartOf":{"@id":"https:\/\/www.tabspain.com\/pt-pt\/#website"},"datePublished":"2020-07-06T12:06:54+00:00","dateModified":"2020-10-06T06:38:51+00:00","breadcrumb":{"@id":"https:\/\/www.tabspain.com\/pt-pt\/contacto\/#breadcrumb"},"inLanguage":"pt-PT","potentialAction":[{"@type":"ReadAction","target":["https:\/\/www.tabspain.com\/pt-pt\/contacto\/"]}]},{"@type":"BreadcrumbList","@id":"https:\/\/www.tabspain.com\/pt-pt\/contacto\/#breadcrumb","itemListElement":[{"@type":"ListItem","position":1,"name":"Portada","item":"https:\/\/www.tabspain.com\/pt-pt\/"},{"@type":"ListItem","position":2,"name":"Contacto"}]},{"@type":"WebSite","@id":"https:\/\/www.tabspain.com\/pt-pt\/#website","url":"https:\/\/www.tabspain.com\/pt-pt\/","name":"TAB Batteries","description":"Fabricante de bater\u00edas","publisher":{"@id":"https:\/\/www.tabspain.com\/pt-pt\/#organization"},"potentialAction":[{"@type":"SearchAction","target":{"@type":"EntryPoint","urlTemplate":"https:\/\/www.tabspain.com\/pt-pt\/?s={search_term_string}"},"query-input":{"@type":"PropertyValueSpecification","valueRequired":true,"valueName":"search_term_string"}}],"inLanguage":"pt-PT"},{"@type":"Organization","@id":"https:\/\/www.tabspain.com\/pt-pt\/#organization","name":"TAB Batteries","url":"https:\/\/www.tabspain.com\/pt-pt\/","logo":{"@type":"ImageObject","inLanguage":"pt-PT","@id":"https:\/\/www.tabspain.com\/pt-pt\/#\/schema\/logo\/image\/","url":"https:\/\/www.tabspain.com\/wp-content\/uploads\/2020\/01\/logo-tab.png","contentUrl":"https:\/\/www.tabspain.com\/wp-content\/uploads\/2020\/01\/logo-tab.png","width":600,"height":250,"caption":"TAB Batteries"},"image":{"@id":"https:\/\/www.tabspain.com\/pt-pt\/#\/schema\/logo\/image\/"},"sameAs":["https:\/\/www.facebook.com\/TabSpain\/","https:\/\/x.com\/TABspain","https:\/\/www.linkedin.com\/company\/tab-spain\/","https:\/\/www.youtube.com\/channel\/UC0xlSgPc61fxLM_rHDBJAhQ","https:\/\/es.wikipedia.org\/wiki\/TAB_Batteries"]}]}},"_links":{"self":[{"href":"https:\/\/www.tabspain.com\/pt-pt\/wp-json\/wp\/v2\/pages\/3145","targetHints":{"allow":["GET"]}}],"collection":[{"href":"https:\/\/www.tabspain.com\/pt-pt\/wp-json\/wp\/v2\/pages"}],"about":[{"href":"https:\/\/www.tabspain.com\/pt-pt\/wp-json\/wp\/v2\/types\/page"}],"author":[{"embeddable":true,"href":"https:\/\/www.tabspain.com\/pt-pt\/wp-json\/wp\/v2\/users\/1"}],"replies":[{"embeddable":true,"href":"https:\/\/www.tabspain.com\/pt-pt\/wp-json\/wp\/v2\/comments?post=3145"}],"version-history":[{"count":0,"href":"https:\/\/www.tabspain.com\/pt-pt\/wp-json\/wp\/v2\/pages\/3145\/revisions"}],"wp:attachment":[{"href":"https:\/\/www.tabspain.com\/pt-pt\/wp-json\/wp\/v2\/media?parent=3145"}],"curies":[{"name":"wp","href":"https:\/\/api.w.org\/{rel}","templated":true}]}}